{"id":2646,"date":"2022-05-10T15:28:06","date_gmt":"2022-05-10T13:28:06","guid":{"rendered":"https:\/\/nervous-knuth.46-231-200-39.plesk.page\/?page_id=2646"},"modified":"2022-05-25T14:36:33","modified_gmt":"2022-05-25T12:36:33","slug":"donnees-legales","status":"publish","type":"page","link":"https:\/\/nervous-knuth.46-231-200-39.plesk.page\/fr\/donnees-legales\/","title":{"rendered":"Donn\u00e9es L\u00e9gales"},"content":{"rendered":"\n<h2>1. G\u00e9n\u00e9ral<\/h2>\n\n\n\n<p>Le site Internet www.libera.ch est le site Internet de Libera SA (ci-apr\u00e8s : Libera). Le site Web est exploit\u00e9 par Libera et con\u00e7u en collaboration avec divers partenaires. En acc\u00e9dant aux informations, donn\u00e9es et documents du site Libera, vous acceptez les termes et conditions suivantes<\/p>\n\n\n\n<h2>2. Copyright<\/h2>\n\n\n\n<p>Copyright Libera SA. Tous droits r\u00e9serv\u00e9s. Libera est une marque d\u00e9pos\u00e9e. Toutes les \u0153uvres publi\u00e9es sur le site Internet, en particulier les textes, images, graphiques, fichiers son, vid\u00e9o et d\u2019animation ainsi que leurs arrangements sont soumis au droit d\u2019auteur et aux autres lois sur la protection de la propri\u00e9t\u00e9 intellectuelle. Ils ne peuvent \u00eatre utilis\u00e9s sur des sites Web tiers, stock\u00e9s, trait\u00e9s, reproduits, transmis ou modifi\u00e9s \u00e0 des fins commerciales ou de distribution sans l\u2019autorisation \u00e9crite de Libera. Les \u0153uvres figurant sur les sites web mis \u00e0 disposition par des tiers sont soumises \u00e0 leurs droits de propri\u00e9t\u00e9 industrielle.<\/p>\n\n\n\n<h2>3. Protection des donn\u00e9es<\/h2>\n\n\n\n<h3>3.1 G\u00e9n\u00e9ral<\/h3>\n\n\n\n<p>Le traitement des donn\u00e9es collect\u00e9es lors de votre visite sur le site Libera s\u2019effectue conform\u00e9ment \u00e0 la r\u00e9glementation suisse sur la protection des donn\u00e9es.<\/p>\n\n\n\n<h3>3.2 Traitement des donn\u00e9es personnelles<\/h3>\n\n\n\n<p>Lors de la visite de sites Web, le serveur Web enregistre automatiquement le nom du fournisseur d\u2019acc\u00e8s Internet du visiteur, le site Web \u00e0 partir duquel le visiteur visite le site Web, les pages consult\u00e9es par le visiteur et la date et la dur\u00e9e de la visite. En outre, les donn\u00e9es personnelles ne sont enregistr\u00e9es que si le visiteur les fournit volontairement, par exemple en remplissant le formulaire de contact.<\/p>\n\n\n\n<h3>3.3 Utilisation et divulgation des donn\u00e9es personnelles et limitation des finalit\u00e9s<\/h3>\n\n\n\n<p>Libera peut utiliser les donn\u00e9es personnelles des visiteurs \u00e0 des fins d\u2019administration technique du site Web, d\u2019administration de la client\u00e8le, d\u2019enqu\u00eates sur les produits et de marketing. A cette fin, les donn\u00e9es seront stock\u00e9es en fonction de la demande du visiteur. Les employ\u00e9s qui prennent connaissance des donn\u00e9es des visiteurs sont tenus \u00e0 la confidentialit\u00e9<\/p>\n\n\n\n<h3>3.4 Cookies<\/h3>\n\n\n\n<p>Libera utilise des cookies. En raison de la technologie utilis\u00e9e pour ce site Web, des cookies, des pixels espions et d\u2019autres technologies de suivi peuvent \u00eatre utilis\u00e9s. Les cookies et les pixels espions sont de petits fichiers qui sont temporairement stock\u00e9s sur votre ordinateur ou votre appareil mobile. Ils sont supprim\u00e9s soit lorsque vous fermez votre navigateur (cookies de session), soit apr\u00e8s un certain temps. Les technologies actuellement utilis\u00e9es sur le site Web et pour la newsletter ou d\u2019autres contenus publi\u00e9s (Google Analytics, Google Adsense et Evalanche) collectent des informations anonymes sur l\u2019utilisation pour compiler des statistiques d\u2019utilisation et autres.<\/p>\n\n\n\n<p>Les navigateurs Web sont g\u00e9n\u00e9ralement configur\u00e9s par d\u00e9faut pour accepter automatiquement les cookies (cookies activ\u00e9s). Toutefois, vous pouvez configurer votre navigateur de mani\u00e8re \u00e0 ce que l\u2019enregistrement de cookies sur votre ordinateur \/ appareil ne soit pas autoris\u00e9 (cookies d\u00e9sactiv\u00e9s) ou que vous receviez un avertissement avant l\u2019enregistrement de cookies. Le mode d\u2019emploi ou la \u00ab&nbsp;fonction d\u2019aide&nbsp;\u00bb de votre navigateur ou du fabricant du navigateur fournit des informations sur la d\u00e9sactivation des cookies. Si vous d\u00e9sactivez les cookies dans votre navigateur, le fonctionnement du site peut \u00eatre alt\u00e9r\u00e9.<\/p>\n\n\n\n<p>En utilisant ce site Web sans modifier les param\u00e8tres de votre navigateur, vous consentez \u00e0 l\u2019enregistrement de cookies et de pixels espions et au traitement des donn\u00e9es vous concernant.<\/p>\n\n\n\n<h3>3.5 R\u00e8gles de confidentialit\u00e9 pour l\u2019utilisation de Google Analytics<\/h3>\n\n\n\n<p>Ce site Web utilise Google Analytics, un service d\u2019analyse Web fourni par Google Inc. (ci-apr\u00e8s d\u00e9nomm\u00e9e \u00ab&nbsp;Google&nbsp;\u00bb). Google Analytics utilise des cookies pour analyser l\u2019utilisation du site Web.<\/p>\n\n\n\n<p>Les informations g\u00e9n\u00e9r\u00e9es par les cookies concernant l\u2019utilisation de ce site Web (y compris l\u2019adresse IP) sont transmises \u00e0 un serveur de Google aux \u00c9tats-Unis et y sont enregistr\u00e9es. Google utilise ces informations dans le but d\u2019\u00e9valuer votre utilisation du site Web, de compiler des rapports sur l\u2019activit\u00e9 du site Web pour les exploitants du site Web et de fournir d\u2019autres services li\u00e9s \u00e0 l\u2019activit\u00e9 du site et \u00e0 l\u2019utilisation d\u2019Internet. Google est susceptible de transmettre ces informations \u00e0 des tiers lorsque la loi l\u2019y oblige ou lorsque ces tiers traitent ces informations pour le compte de Google. Google ne peut toutefois pas associer votre adresse IP \u00e0 d\u2019autres donn\u00e9es d\u00e9tenues par Google.<\/p>\n\n\n\n<p>Vous pouvez emp\u00eacher l\u2019enregistrement de cookies en r\u00e9glant les param\u00e8tres de votre navigateur Internet. En utilisant ce site Web sans modifier les param\u00e8tres de votre navigateur, vous consentez au traitement des donn\u00e9es relatives aux cookies par Google dans les conditions et pour les finalit\u00e9s d\u00e9crites ci-dessus.<\/p>\n\n\n\n<h3>3.6 S\u00e9curit\u00e9<\/h3>\n\n\n\n<p>Dans la conception et l\u2019exploitation de son site Web, Libera prend les pr\u00e9cautions techniques et organisationnelles n\u00e9cessaires pour assurer son fonctionnement. Toutefois, des erreurs telles que la perte ou la falsification de donn\u00e9es, des attaques de virus, des interruptions d\u2019exploitation, etc. ne peuvent \u00eatre exclues. L\u2019acc\u00e8s au site Web se fait \u00e0 vos propres risques. En particulier, Libera n\u2019assume aucune garantie pour le fonctionnement ou le fonctionnement sans erreur du site Web. Elle ne peut pas non plus garantir que le site Internet ou le serveur correspondant est exempt de virus ou de composants nuisibles ou que ces virus ou composants nuisibles ne sont pas transmis lors de l\u2019utilisation.<\/p>\n\n\n\n<h3>3.7 Droit \u00e0 l\u2019information<\/h3>\n\n\n\n<p>Sur demande, Libera informera le visiteur, dans le cadre des obligations l\u00e9gales existantes, si des donn\u00e9es personnelles le concernant sont enregistr\u00e9es et lesquelles. Si des informations incorrectes sont stock\u00e9es malgr\u00e9 les efforts du fournisseur pour s\u2019assurer que les donn\u00e9es sont correctes et \u00e0 jour, Libera les corrigera \u00e0 la demande du visiteur.<\/p>\n\n\n\n<h2>4. Correspondance E-Mail<\/h2>\n\n\n\n<p>La s\u00e9curit\u00e9 du courrier \u00e9lectronique n\u2019est pas garantie. Toutefois, si Libera est contact\u00e9e par courrier \u00e9lectronique, cela sera consid\u00e9r\u00e9 comme un consentement \u00e0 r\u00e9pondre par courrier \u00e9lectronique et \u00e0 continuer \u00e0 communiquer par voie \u00e9lectronique, sauf indication contraire expresse. Lorsque vous envoyez un e-mail \u00e0 Libera, nous enregistrons vos donn\u00e9es afin de vous envoyer des nouvelles et des publications sp\u00e9cialis\u00e9es. Si vous ne le souhaitez pas, veuillez nous le faire savoir.<\/p>\n\n\n\n<p>De plus, Libera ne garantit pas que les courriels ne seront pas lus ou manipul\u00e9s par des tiers. Libera d\u00e9cline toute responsabilit\u00e9 en cas d\u2019erreurs de transmission ou de perte de donn\u00e9es non imputables \u00e0 Libera.<\/p>\n\n\n\n<p>Libera n\u2019assume aucune responsabilit\u00e9 pour le traitement opportun des courriels. En particulier, aucune r\u00e9clamation \u00e0 l\u2019encontre de Libera ne peut d\u00e9couler de perturbations techniques ou op\u00e9rationnelles du trafic de courrier \u00e9lectronique.<\/p>\n\n\n\n<h2>5. Droits de licence<\/h2>\n\n\n\n<p>La propri\u00e9t\u00e9 intellectuelle de Libera contenue sur le site web, constitu\u00e9e notamment des droits d\u2019auteur et des marques d\u00e9pos\u00e9es, est prot\u00e9g\u00e9e. L\u2019utilisation du site Web n\u2019accorde aucune licence ou autre droit d\u2019utilisation de la propri\u00e9t\u00e9 intellectuelle de Libera ou de tiers.<\/p>\n\n\n\n<h2>6. Aucune offre<\/h2>\n\n\n\n<p>Aucune partie du site Web Libera ne constitue une offre ou une sollicitation d\u2019achat ou de vente de produits ou services tels que des produits d\u2019investissement ou des services de conseil en investissement. Les informations disponibles sur le site Libera ne constituent pas non plus des conseils d\u2019investissement, juridiques, fiscaux ou commerciaux.<\/p>\n\n\n\n<h2>7. \u00c9nonc\u00e9s prospectifs<\/h2>\n\n\n\n<p>Les informations sur le site Web de Libera peuvent contenir des d\u00e9clarations sur des d\u00e9veloppements futurs. Ces d\u00e9clarations comportent des risques et des incertitudes. Libera ne garantit pas l\u2019exactitude des \u00e9nonc\u00e9s prospectifs et n\u2019est pas tenue de les mettre \u00e0 jour.<\/p>\n\n\n\n<h2>8. Responsabilit\u00e9<\/h2>\n\n\n\n<p>Libera d\u00e9cline toute responsabilit\u00e9 pour les dommages ou dommages cons\u00e9cutifs r\u00e9sultant de l\u2019acc\u00e8s \u00e0 son site Web ou \u00e0 des \u00e9l\u00e9ments individuels des sites Web ou de leur utilisation (ou de l\u2019impossibilit\u00e9 d\u2019acc\u00e8s ou d\u2019utilisation).<\/p>\n\n\n\n<p>Libera se r\u00e9serve \u00e9galement express\u00e9ment le droit d\u2019interrompre ou, dans les cas graves, de bloquer l\u2019acc\u00e8s au site si des risques de s\u00e9curit\u00e9 sont identifi\u00e9s, jusqu\u2019\u00e0 ce que ces risques aient \u00e9t\u00e9 \u00e9limin\u00e9s. Libera d\u00e9cline toute responsabilit\u00e9 pour tout dommage ou dommage cons\u00e9cutif r\u00e9sultant de l\u2019interruption ou du blocage.<\/p>\n\n\n\n<p>Libera exclut toute responsabilit\u00e9 pour les sites Web de tiers vers lesquels des liens sont fournis ou qui contiennent des liens vers le site Web de Libera. Libera d\u00e9cline notamment toute responsabilit\u00e9 quant \u00e0 leur contenu et\/ou leur actualit\u00e9. En activant le lien, le visiteur quitte le site et le pr\u00e9sent r\u00e8glement n\u2019est plus applicable.<\/p>\n\n\n\n<h2>9. Susceptible de changer<\/h2>\n\n\n\n<p>Libera se r\u00e9serve express\u00e9ment le droit de modifier \u00e0 tout moment et sans pr\u00e9avis les informations figurant sur son site Internet.<\/p>\n\n\n\n<h2>10. Information publi\u00e9es sur le site web de la soci\u00e9t\u00e9<\/h2>\n\n\n\n<p>Libera s\u2019efforce d\u2019assurer l\u2019exactitude et la mise \u00e0 jour des informations figurant sur son site Internet au moment de leur publication. Libera et ses partenaires contractuels n\u2019assument toutefois aucune responsabilit\u00e9 quant \u00e0 l\u2019actualit\u00e9, l\u2019exactitude ou l\u2019exhaustivit\u00e9 des informations.<\/p>\n\n\n\n<h2>11. Loi applicable et juridiction comp\u00e9tente<\/h2>\n\n\n\n<p>Le droit suisse est applicable aux litiges d\u00e9coulant de l\u2019utilisation des pages Internet. Le for juridique exclusif est la ville de B\u00e2le.<\/p>\n","protected":false},"excerpt":{"rendered":"<p>1. G\u00e9n\u00e9ral Le site Internet www.libera.ch est le site Internet de Libera SA (ci-apr\u00e8s : Libera). Le site Web est exploit\u00e9 par Libera et con\u00e7u en collaboration avec divers partenaires. En acc\u00e9dant aux informations, donn\u00e9es et documents du site Libera, vous acceptez les termes et conditions suivantes 2. Copyright Copyright Libera SA. Tous droits r\u00e9serv\u00e9s. [&hellip;]<\/p>\n","protected":false},"author":2,"featured_media":0,"parent":0,"menu_order":0,"comment_status":"closed","ping_status":"open","template":"","meta":{"inline_featured_image":false},"acf":[],"yoast_head":"<!-- This site is optimized with the Yoast SEO plugin v19.2 - https:\/\/yoast.com\/wordpress\/plugins\/seo\/ -->\n<title>Donn\u00e9es L\u00e9gales | Libera<\/title>\n<meta name=\"robots\" content=\"noindex, follow, max-snippet:-1, max-image-preview:large, max-video-preview:-1\" \/>\n<meta property=\"og:locale\" content=\"fr_FR\" \/>\n<meta property=\"og:type\" content=\"article\" \/>\n<meta property=\"og:title\" content=\"Donn\u00e9es L\u00e9gales | Libera\" \/>\n<meta property=\"og:description\" content=\"1. G\u00e9n\u00e9ral Le site Internet www.libera.ch est le site Internet de Libera SA (ci-apr\u00e8s : Libera). Le site Web est exploit\u00e9 par Libera et con\u00e7u en collaboration avec divers partenaires. En acc\u00e9dant aux informations, donn\u00e9es et documents du site Libera, vous acceptez les termes et conditions suivantes 2. Copyright Copyright Libera SA. Tous droits r\u00e9serv\u00e9s. [&hellip;]\" \/>\n<meta property=\"og:url\" content=\"https:\/\/nervous-knuth.46-231-200-39.plesk.page\/fr\/donnees-legales\/\" \/>\n<meta property=\"og:site_name\" content=\"Libera\" \/>\n<meta property=\"article:modified_time\" content=\"2022-05-25T12:36:33+00:00\" \/>\n<meta name=\"author\" content=\"xeit\" \/>\n<meta name=\"twitter:card\" content=\"summary_large_image\" \/>\n<meta name=\"twitter:label1\" content=\"Est. reading time\" \/>\n\t<meta name=\"twitter:data1\" content=\"8 minutes\" \/>\n<script type=\"application\/ld+json\" class=\"yoast-schema-graph\">{\"@context\":\"https:\/\/schema.org\",\"@graph\":[{\"@type\":\"Organization\",\"@id\":\"https:\/\/nervous-knuth.46-231-200-39.plesk.page\/#organization\",\"name\":\"Libera AG\",\"url\":\"https:\/\/nervous-knuth.46-231-200-39.plesk.page\/\",\"sameAs\":[],\"logo\":{\"@type\":\"ImageObject\",\"inLanguage\":\"fr-FR\",\"@id\":\"https:\/\/nervous-knuth.46-231-200-39.plesk.page\/#\/schema\/logo\/image\/\",\"url\":\"https:\/\/nervous-knuth.46-231-200-39.plesk.page\/wp-content\/uploads\/2022\/06\/logo_de.svg\",\"contentUrl\":\"https:\/\/nervous-knuth.46-231-200-39.plesk.page\/wp-content\/uploads\/2022\/06\/logo_de.svg\",\"width\":273,\"height\":79,\"caption\":\"Libera AG\"},\"image\":{\"@id\":\"https:\/\/nervous-knuth.46-231-200-39.plesk.page\/#\/schema\/logo\/image\/\"}},{\"@type\":\"WebSite\",\"@id\":\"https:\/\/nervous-knuth.46-231-200-39.plesk.page\/#website\",\"url\":\"https:\/\/nervous-knuth.46-231-200-39.plesk.page\/\",\"name\":\"Libera\",\"description\":\"Eine weitere WordPress-Website\",\"publisher\":{\"@id\":\"https:\/\/nervous-knuth.46-231-200-39.plesk.page\/#organization\"},\"potentialAction\":[{\"@type\":\"SearchAction\",\"target\":{\"@type\":\"EntryPoint\",\"urlTemplate\":\"https:\/\/nervous-knuth.46-231-200-39.plesk.page\/?s={search_term_string}\"},\"query-input\":\"required name=search_term_string\"}],\"inLanguage\":\"fr-FR\"},{\"@type\":\"WebPage\",\"@id\":\"https:\/\/nervous-knuth.46-231-200-39.plesk.page\/fr\/donnees-legales\/#webpage\",\"url\":\"https:\/\/nervous-knuth.46-231-200-39.plesk.page\/fr\/donnees-legales\/\",\"name\":\"Donn\u00e9es L\u00e9gales | Libera\",\"isPartOf\":{\"@id\":\"https:\/\/nervous-knuth.46-231-200-39.plesk.page\/#website\"},\"datePublished\":\"2022-05-10T13:28:06+00:00\",\"dateModified\":\"2022-05-25T12:36:33+00:00\",\"breadcrumb\":{\"@id\":\"https:\/\/nervous-knuth.46-231-200-39.plesk.page\/fr\/donnees-legales\/#breadcrumb\"},\"inLanguage\":\"fr-FR\",\"potentialAction\":[{\"@type\":\"ReadAction\",\"target\":[\"https:\/\/nervous-knuth.46-231-200-39.plesk.page\/fr\/donnees-legales\/\"]}]},{\"@type\":\"BreadcrumbList\",\"@id\":\"https:\/\/nervous-knuth.46-231-200-39.plesk.page\/fr\/donnees-legales\/#breadcrumb\",\"itemListElement\":[{\"@type\":\"ListItem\",\"position\":1,\"name\":\"Home\",\"item\":\"http:\/\/nervous-knuth.46-231-200-39.plesk.page\/fr\/\"},{\"@type\":\"ListItem\",\"position\":2,\"name\":\"Donn\u00e9es L\u00e9gales\"}]}]}<\/script>\n<!-- \/ Yoast SEO plugin. -->","yoast_head_json":{"title":"Donn\u00e9es L\u00e9gales | Libera","robots":{"index":"noindex","follow":"follow","max-snippet":"max-snippet:-1","max-image-preview":"max-image-preview:large","max-video-preview":"max-video-preview:-1"},"og_locale":"fr_FR","og_type":"article","og_title":"Donn\u00e9es L\u00e9gales | Libera","og_description":"1. G\u00e9n\u00e9ral Le site Internet www.libera.ch est le site Internet de Libera SA (ci-apr\u00e8s : Libera). Le site Web est exploit\u00e9 par Libera et con\u00e7u en collaboration avec divers partenaires. En acc\u00e9dant aux informations, donn\u00e9es et documents du site Libera, vous acceptez les termes et conditions suivantes 2. Copyright Copyright Libera SA. Tous droits r\u00e9serv\u00e9s. [&hellip;]","og_url":"https:\/\/nervous-knuth.46-231-200-39.plesk.page\/fr\/donnees-legales\/","og_site_name":"Libera","article_modified_time":"2022-05-25T12:36:33+00:00","author":"xeit","twitter_card":"summary_large_image","twitter_misc":{"Est. reading time":"8 minutes"},"schema":{"@context":"https:\/\/schema.org","@graph":[{"@type":"Organization","@id":"https:\/\/nervous-knuth.46-231-200-39.plesk.page\/#organization","name":"Libera AG","url":"https:\/\/nervous-knuth.46-231-200-39.plesk.page\/","sameAs":[],"logo":{"@type":"ImageObject","inLanguage":"fr-FR","@id":"https:\/\/nervous-knuth.46-231-200-39.plesk.page\/#\/schema\/logo\/image\/","url":"https:\/\/nervous-knuth.46-231-200-39.plesk.page\/wp-content\/uploads\/2022\/06\/logo_de.svg","contentUrl":"https:\/\/nervous-knuth.46-231-200-39.plesk.page\/wp-content\/uploads\/2022\/06\/logo_de.svg","width":273,"height":79,"caption":"Libera AG"},"image":{"@id":"https:\/\/nervous-knuth.46-231-200-39.plesk.page\/#\/schema\/logo\/image\/"}},{"@type":"WebSite","@id":"https:\/\/nervous-knuth.46-231-200-39.plesk.page\/#website","url":"https:\/\/nervous-knuth.46-231-200-39.plesk.page\/","name":"Libera","description":"Eine weitere WordPress-Website","publisher":{"@id":"https:\/\/nervous-knuth.46-231-200-39.plesk.page\/#organization"},"potentialAction":[{"@type":"SearchAction","target":{"@type":"EntryPoint","urlTemplate":"https:\/\/nervous-knuth.46-231-200-39.plesk.page\/?s={search_term_string}"},"query-input":"required name=search_term_string"}],"inLanguage":"fr-FR"},{"@type":"WebPage","@id":"https:\/\/nervous-knuth.46-231-200-39.plesk.page\/fr\/donnees-legales\/#webpage","url":"https:\/\/nervous-knuth.46-231-200-39.plesk.page\/fr\/donnees-legales\/","name":"Donn\u00e9es L\u00e9gales | Libera","isPartOf":{"@id":"https:\/\/nervous-knuth.46-231-200-39.plesk.page\/#website"},"datePublished":"2022-05-10T13:28:06+00:00","dateModified":"2022-05-25T12:36:33+00:00","breadcrumb":{"@id":"https:\/\/nervous-knuth.46-231-200-39.plesk.page\/fr\/donnees-legales\/#breadcrumb"},"inLanguage":"fr-FR","potentialAction":[{"@type":"ReadAction","target":["https:\/\/nervous-knuth.46-231-200-39.plesk.page\/fr\/donnees-legales\/"]}]},{"@type":"BreadcrumbList","@id":"https:\/\/nervous-knuth.46-231-200-39.plesk.page\/fr\/donnees-legales\/#breadcrumb","itemListElement":[{"@type":"ListItem","position":1,"name":"Home","item":"http:\/\/nervous-knuth.46-231-200-39.plesk.page\/fr\/"},{"@type":"ListItem","position":2,"name":"Donn\u00e9es L\u00e9gales"}]}]}},"_links":{"self":[{"href":"https:\/\/nervous-knuth.46-231-200-39.plesk.page\/fr\/wp-json\/wp\/v2\/pages\/2646"}],"collection":[{"href":"https:\/\/nervous-knuth.46-231-200-39.plesk.page\/fr\/wp-json\/wp\/v2\/pages"}],"about":[{"href":"https:\/\/nervous-knuth.46-231-200-39.plesk.page\/fr\/wp-json\/wp\/v2\/types\/page"}],"author":[{"embeddable":true,"href":"https:\/\/nervous-knuth.46-231-200-39.plesk.page\/fr\/wp-json\/wp\/v2\/users\/2"}],"replies":[{"embeddable":true,"href":"https:\/\/nervous-knuth.46-231-200-39.plesk.page\/fr\/wp-json\/wp\/v2\/comments?post=2646"}],"version-history":[{"count":4,"href":"https:\/\/nervous-knuth.46-231-200-39.plesk.page\/fr\/wp-json\/wp\/v2\/pages\/2646\/revisions"}],"predecessor-version":[{"id":3473,"href":"https:\/\/nervous-knuth.46-231-200-39.plesk.page\/fr\/wp-json\/wp\/v2\/pages\/2646\/revisions\/3473"}],"wp:attachment":[{"href":"https:\/\/nervous-knuth.46-231-200-39.plesk.page\/fr\/wp-json\/wp\/v2\/media?parent=2646"}],"curies":[{"name":"wp","href":"https:\/\/api.w.org\/{rel}","templated":true}]}}