{"id":2628,"date":"2022-05-10T15:13:09","date_gmt":"2022-05-10T13:13:09","guid":{"rendered":"https:\/\/nervous-knuth.46-231-200-39.plesk.page\/?page_id=2628"},"modified":"2022-05-10T15:17:21","modified_gmt":"2022-05-10T13:17:21","slug":"mention-legales","status":"publish","type":"page","link":"https:\/\/nervous-knuth.46-231-200-39.plesk.page\/fr\/mention-legales\/","title":{"rendered":"Mention L\u00e9gales"},"content":{"rendered":"\n<h2>Libera SA<\/h2>\n\n\n\n<p>Stockerstrasse 34&nbsp;&nbsp;&nbsp;&nbsp;&nbsp;&nbsp;&nbsp;&nbsp;&nbsp;&nbsp;&nbsp;&nbsp;&nbsp;&nbsp;&nbsp;&nbsp;&nbsp;&nbsp;&nbsp;&nbsp;&nbsp;&nbsp;&nbsp;&nbsp;&nbsp;&nbsp;&nbsp;&nbsp;&nbsp;&nbsp;&nbsp;&nbsp;&nbsp;&nbsp;&nbsp;&nbsp;&nbsp;&nbsp;<br>CH-8002 Z\u00fcrich&nbsp;&nbsp;&nbsp;&nbsp;&nbsp;&nbsp;&nbsp;&nbsp;&nbsp;&nbsp;&nbsp;&nbsp;&nbsp;&nbsp;&nbsp;&nbsp;&nbsp;&nbsp;&nbsp;&nbsp;&nbsp;&nbsp;&nbsp;&nbsp;&nbsp;&nbsp;&nbsp;&nbsp;&nbsp;&nbsp;&nbsp;&nbsp;&nbsp;&nbsp;&nbsp;&nbsp;&nbsp;&nbsp;&nbsp;&nbsp;&nbsp;<\/p>\n\n\n\n<p>Tel. +41 (0) 43 \/ 817 73 00&nbsp;&nbsp;&nbsp;&nbsp;&nbsp;&nbsp;&nbsp;&nbsp;&nbsp;&nbsp;&nbsp;&nbsp;&nbsp;&nbsp;&nbsp;&nbsp;&nbsp;&nbsp;&nbsp;&nbsp;&nbsp;&nbsp;&nbsp;&nbsp;&nbsp;&nbsp; &nbsp;&nbsp;&nbsp;&nbsp;&nbsp;&nbsp;&nbsp;&nbsp;&nbsp;&nbsp;&nbsp;&nbsp;&nbsp;&nbsp;&nbsp;&nbsp;&nbsp;&nbsp;&nbsp;&nbsp;&nbsp;&nbsp;&nbsp;&nbsp;&nbsp;&nbsp;&nbsp;&nbsp;&nbsp;&nbsp;&nbsp;&nbsp;&nbsp;&nbsp;&nbsp;<\/p>\n\n\n\n<h2>Libera SA<\/h2>\n\n\n\n<p>Aeschengraben 10&nbsp;&nbsp;&nbsp;&nbsp;&nbsp;&nbsp;&nbsp;&nbsp;&nbsp;&nbsp;&nbsp;&nbsp;&nbsp;&nbsp;&nbsp;&nbsp;&nbsp;&nbsp;&nbsp;&nbsp;&nbsp;&nbsp;&nbsp;&nbsp;&nbsp;&nbsp;&nbsp;&nbsp;&nbsp;&nbsp;&nbsp;&nbsp;&nbsp;&nbsp;&nbsp;&nbsp;&nbsp;&nbsp;<br>CH-4010 Basel&nbsp;&nbsp;&nbsp;&nbsp;&nbsp;&nbsp;&nbsp;&nbsp;&nbsp;&nbsp;&nbsp;&nbsp;<\/p>\n\n\n\n<p>Tel. +41 (0) 61 \/ 205 74 00<\/p>\n\n\n\n<p><strong>Email:&nbsp;<a href=\"javascript:;\">info@libera.ch<\/a><\/strong><\/p>\n\n\n\n<p><strong>Direction:<\/strong> Dr Benno Ambrosini (Managing Director) \/\/ Dr Matthias Wiedmer \/\/ Dr Ruben Lombardi \/\/ Ueli H\u00f6hn<\/p>\n\n\n\n<p>Num\u00e9ro de registre du commerce: CHE-107.735.497<\/p>\n\n\n\n<p>Informations l\u00e9gales : soci\u00e9t\u00e9 anonyme<\/p>\n\n\n\n<p>TVA: CHE-107.735.497<\/p>\n\n\n\n<p><strong>Droits d\u2019auteur<\/strong><\/p>\n\n\n\n<p>Copyright Libera SA. Tous droits r\u00e9serv\u00e9s. Les textes, images, graphiques, sons, animations et vid\u00e9os ainsi que leur disposition sur le site Web de Libera SA sont prot\u00e9g\u00e9s par le droit d\u2019auteur et autres lois de protection. Le contenu de ce site Web ne peut \u00eatre copi\u00e9, distribu\u00e9, modifi\u00e9 ou rendu accessible \u00e0 des tiers \u00e0 des fins commerciales. Nous attirons votre attention sur le fait que certaines des images contenues sur les sites Internet sont soumises aux droits d\u2019auteur de tiers. Nous utilisons entre autres des images de www.shutterstock.com et www.istockphoto.com.<\/p>\n","protected":false},"excerpt":{"rendered":"<p>Libera SA Stockerstrasse 34&nbsp;&nbsp;&nbsp;&nbsp;&nbsp;&nbsp;&nbsp;&nbsp;&nbsp;&nbsp;&nbsp;&nbsp;&nbsp;&nbsp;&nbsp;&nbsp;&nbsp;&nbsp;&nbsp;&nbsp;&nbsp;&nbsp;&nbsp;&nbsp;&nbsp;&nbsp;&nbsp;&nbsp;&nbsp;&nbsp;&nbsp;&nbsp;&nbsp;&nbsp;&nbsp;&nbsp;&nbsp;&nbsp;CH-8002 Z\u00fcrich&nbsp;&nbsp;&nbsp;&nbsp;&nbsp;&nbsp;&nbsp;&nbsp;&nbsp;&nbsp;&nbsp;&nbsp;&nbsp;&nbsp;&nbsp;&nbsp;&nbsp;&nbsp;&nbsp;&nbsp;&nbsp;&nbsp;&nbsp;&nbsp;&nbsp;&nbsp;&nbsp;&nbsp;&nbsp;&nbsp;&nbsp;&nbsp;&nbsp;&nbsp;&nbsp;&nbsp;&nbsp;&nbsp;&nbsp;&nbsp;&nbsp; Tel. +41 (0) 43 \/ 817 73 00&nbsp;&nbsp;&nbsp;&nbsp;&nbsp;&nbsp;&nbsp;&nbsp;&nbsp;&nbsp;&nbsp;&nbsp;&nbsp;&nbsp;&nbsp;&nbsp;&nbsp;&nbsp;&nbsp;&nbsp;&nbsp;&nbsp;&nbsp;&nbsp;&nbsp;&nbsp; &nbsp;&nbsp;&nbsp;&nbsp;&nbsp;&nbsp;&nbsp;&nbsp;&nbsp;&nbsp;&nbsp;&nbsp;&nbsp;&nbsp;&nbsp;&nbsp;&nbsp;&nbsp;&nbsp;&nbsp;&nbsp;&nbsp;&nbsp;&nbsp;&nbsp;&nbsp;&nbsp;&nbsp;&nbsp;&nbsp;&nbsp;&nbsp;&nbsp;&nbsp;&nbsp; Libera SA Aeschengraben 10&nbsp;&nbsp;&nbsp;&nbsp;&nbsp;&nbsp;&nbsp;&nbsp;&nbsp;&nbsp;&nbsp;&nbsp;&nbsp;&nbsp;&nbsp;&nbsp;&nbsp;&nbsp;&nbsp;&nbsp;&nbsp;&nbsp;&nbsp;&nbsp;&nbsp;&nbsp;&nbsp;&nbsp;&nbsp;&nbsp;&nbsp;&nbsp;&nbsp;&nbsp;&nbsp;&nbsp;&nbsp;&nbsp;CH-4010 Basel&nbsp;&nbsp;&nbsp;&nbsp;&nbsp;&nbsp;&nbsp;&nbsp;&nbsp;&nbsp;&nbsp;&nbsp; Tel. +41 (0) 61 \/ 205 74 00 Email:&nbsp;info@libera.ch Direction: Dr Benno Ambrosini (Managing Director) \/\/ Dr Matthias Wiedmer \/\/ Dr Ruben Lombardi \/\/ Ueli H\u00f6hn Num\u00e9ro de registre du commerce: CHE-107.735.497 Informations l\u00e9gales : soci\u00e9t\u00e9 [&hellip;]<\/p>\n","protected":false},"author":2,"featured_media":0,"parent":0,"menu_order":0,"comment_status":"closed","ping_status":"closed","template":"","meta":{"inline_featured_image":false},"acf":[],"yoast_head":"<!-- This site is optimized with the Yoast SEO plugin v19.2 - https:\/\/yoast.com\/wordpress\/plugins\/seo\/ -->\n<title>Mention L\u00e9gales | Libera<\/title>\n<meta name=\"robots\" content=\"noindex, follow, max-snippet:-1, max-image-preview:large, max-video-preview:-1\" \/>\n<meta property=\"og:locale\" content=\"fr_FR\" \/>\n<meta property=\"og:type\" content=\"article\" \/>\n<meta property=\"og:title\" content=\"Mention L\u00e9gales | Libera\" \/>\n<meta property=\"og:description\" content=\"Libera SA Stockerstrasse 34&nbsp;&nbsp;&nbsp;&nbsp;&nbsp;&nbsp;&nbsp;&nbsp;&nbsp;&nbsp;&nbsp;&nbsp;&nbsp;&nbsp;&nbsp;&nbsp;&nbsp;&nbsp;&nbsp;&nbsp;&nbsp;&nbsp;&nbsp;&nbsp;&nbsp;&nbsp;&nbsp;&nbsp;&nbsp;&nbsp;&nbsp;&nbsp;&nbsp;&nbsp;&nbsp;&nbsp;&nbsp;&nbsp;CH-8002 Z\u00fcrich&nbsp;&nbsp;&nbsp;&nbsp;&nbsp;&nbsp;&nbsp;&nbsp;&nbsp;&nbsp;&nbsp;&nbsp;&nbsp;&nbsp;&nbsp;&nbsp;&nbsp;&nbsp;&nbsp;&nbsp;&nbsp;&nbsp;&nbsp;&nbsp;&nbsp;&nbsp;&nbsp;&nbsp;&nbsp;&nbsp;&nbsp;&nbsp;&nbsp;&nbsp;&nbsp;&nbsp;&nbsp;&nbsp;&nbsp;&nbsp;&nbsp; Tel. +41 (0) 43 \/ 817 73 00&nbsp;&nbsp;&nbsp;&nbsp;&nbsp;&nbsp;&nbsp;&nbsp;&nbsp;&nbsp;&nbsp;&nbsp;&nbsp;&nbsp;&nbsp;&nbsp;&nbsp;&nbsp;&nbsp;&nbsp;&nbsp;&nbsp;&nbsp;&nbsp;&nbsp;&nbsp; &nbsp;&nbsp;&nbsp;&nbsp;&nbsp;&nbsp;&nbsp;&nbsp;&nbsp;&nbsp;&nbsp;&nbsp;&nbsp;&nbsp;&nbsp;&nbsp;&nbsp;&nbsp;&nbsp;&nbsp;&nbsp;&nbsp;&nbsp;&nbsp;&nbsp;&nbsp;&nbsp;&nbsp;&nbsp;&nbsp;&nbsp;&nbsp;&nbsp;&nbsp;&nbsp; Libera SA Aeschengraben 10&nbsp;&nbsp;&nbsp;&nbsp;&nbsp;&nbsp;&nbsp;&nbsp;&nbsp;&nbsp;&nbsp;&nbsp;&nbsp;&nbsp;&nbsp;&nbsp;&nbsp;&nbsp;&nbsp;&nbsp;&nbsp;&nbsp;&nbsp;&nbsp;&nbsp;&nbsp;&nbsp;&nbsp;&nbsp;&nbsp;&nbsp;&nbsp;&nbsp;&nbsp;&nbsp;&nbsp;&nbsp;&nbsp;CH-4010 Basel&nbsp;&nbsp;&nbsp;&nbsp;&nbsp;&nbsp;&nbsp;&nbsp;&nbsp;&nbsp;&nbsp;&nbsp; Tel. +41 (0) 61 \/ 205 74 00 Email:&nbsp;info@libera.ch Direction: Dr Benno Ambrosini (Managing Director) \/\/ Dr Matthias Wiedmer \/\/ Dr Ruben Lombardi \/\/ Ueli H\u00f6hn Num\u00e9ro de registre du commerce: CHE-107.735.497 Informations l\u00e9gales : soci\u00e9t\u00e9 [&hellip;]\" \/>\n<meta property=\"og:url\" content=\"http:\/\/nervous-knuth.46-231-200-39.plesk.page\/fr\/mention-legales\/\" \/>\n<meta property=\"og:site_name\" content=\"Libera\" \/>\n<meta property=\"article:modified_time\" content=\"2022-05-10T13:17:21+00:00\" \/>\n<meta name=\"author\" content=\"xeit\" \/>\n<meta name=\"twitter:card\" content=\"summary_large_image\" \/>\n<meta name=\"twitter:label1\" content=\"Est. reading time\" \/>\n\t<meta name=\"twitter:data1\" content=\"1 minute\" \/>\n<script type=\"application\/ld+json\" class=\"yoast-schema-graph\">{\"@context\":\"https:\/\/schema.org\",\"@graph\":[{\"@type\":\"Organization\",\"@id\":\"https:\/\/nervous-knuth.46-231-200-39.plesk.page\/#organization\",\"name\":\"Libera AG\",\"url\":\"https:\/\/nervous-knuth.46-231-200-39.plesk.page\/\",\"sameAs\":[],\"logo\":{\"@type\":\"ImageObject\",\"inLanguage\":\"fr-FR\",\"@id\":\"https:\/\/nervous-knuth.46-231-200-39.plesk.page\/#\/schema\/logo\/image\/\",\"url\":\"https:\/\/nervous-knuth.46-231-200-39.plesk.page\/wp-content\/uploads\/2022\/06\/logo_de.svg\",\"contentUrl\":\"https:\/\/nervous-knuth.46-231-200-39.plesk.page\/wp-content\/uploads\/2022\/06\/logo_de.svg\",\"width\":273,\"height\":79,\"caption\":\"Libera AG\"},\"image\":{\"@id\":\"https:\/\/nervous-knuth.46-231-200-39.plesk.page\/#\/schema\/logo\/image\/\"}},{\"@type\":\"WebSite\",\"@id\":\"https:\/\/nervous-knuth.46-231-200-39.plesk.page\/#website\",\"url\":\"https:\/\/nervous-knuth.46-231-200-39.plesk.page\/\",\"name\":\"Libera\",\"description\":\"Eine weitere WordPress-Website\",\"publisher\":{\"@id\":\"https:\/\/nervous-knuth.46-231-200-39.plesk.page\/#organization\"},\"potentialAction\":[{\"@type\":\"SearchAction\",\"target\":{\"@type\":\"EntryPoint\",\"urlTemplate\":\"https:\/\/nervous-knuth.46-231-200-39.plesk.page\/?s={search_term_string}\"},\"query-input\":\"required name=search_term_string\"}],\"inLanguage\":\"fr-FR\"},{\"@type\":\"WebPage\",\"@id\":\"http:\/\/nervous-knuth.46-231-200-39.plesk.page\/fr\/mention-legales\/#webpage\",\"url\":\"http:\/\/nervous-knuth.46-231-200-39.plesk.page\/fr\/mention-legales\/\",\"name\":\"Mention L\u00e9gales | Libera\",\"isPartOf\":{\"@id\":\"https:\/\/nervous-knuth.46-231-200-39.plesk.page\/#website\"},\"datePublished\":\"2022-05-10T13:13:09+00:00\",\"dateModified\":\"2022-05-10T13:17:21+00:00\",\"breadcrumb\":{\"@id\":\"http:\/\/nervous-knuth.46-231-200-39.plesk.page\/fr\/mention-legales\/#breadcrumb\"},\"inLanguage\":\"fr-FR\",\"potentialAction\":[{\"@type\":\"ReadAction\",\"target\":[\"http:\/\/nervous-knuth.46-231-200-39.plesk.page\/fr\/mention-legales\/\"]}]},{\"@type\":\"BreadcrumbList\",\"@id\":\"http:\/\/nervous-knuth.46-231-200-39.plesk.page\/fr\/mention-legales\/#breadcrumb\",\"itemListElement\":[{\"@type\":\"ListItem\",\"position\":1,\"name\":\"Home\",\"item\":\"http:\/\/nervous-knuth.46-231-200-39.plesk.page\/fr\/\"},{\"@type\":\"ListItem\",\"position\":2,\"name\":\"Mention L\u00e9gales\"}]}]}<\/script>\n<!-- \/ Yoast SEO plugin. -->","yoast_head_json":{"title":"Mention L\u00e9gales | Libera","robots":{"index":"noindex","follow":"follow","max-snippet":"max-snippet:-1","max-image-preview":"max-image-preview:large","max-video-preview":"max-video-preview:-1"},"og_locale":"fr_FR","og_type":"article","og_title":"Mention L\u00e9gales | Libera","og_description":"Libera SA Stockerstrasse 34&nbsp;&nbsp;&nbsp;&nbsp;&nbsp;&nbsp;&nbsp;&nbsp;&nbsp;&nbsp;&nbsp;&nbsp;&nbsp;&nbsp;&nbsp;&nbsp;&nbsp;&nbsp;&nbsp;&nbsp;&nbsp;&nbsp;&nbsp;&nbsp;&nbsp;&nbsp;&nbsp;&nbsp;&nbsp;&nbsp;&nbsp;&nbsp;&nbsp;&nbsp;&nbsp;&nbsp;&nbsp;&nbsp;CH-8002 Z\u00fcrich&nbsp;&nbsp;&nbsp;&nbsp;&nbsp;&nbsp;&nbsp;&nbsp;&nbsp;&nbsp;&nbsp;&nbsp;&nbsp;&nbsp;&nbsp;&nbsp;&nbsp;&nbsp;&nbsp;&nbsp;&nbsp;&nbsp;&nbsp;&nbsp;&nbsp;&nbsp;&nbsp;&nbsp;&nbsp;&nbsp;&nbsp;&nbsp;&nbsp;&nbsp;&nbsp;&nbsp;&nbsp;&nbsp;&nbsp;&nbsp;&nbsp; Tel. +41 (0) 43 \/ 817 73 00&nbsp;&nbsp;&nbsp;&nbsp;&nbsp;&nbsp;&nbsp;&nbsp;&nbsp;&nbsp;&nbsp;&nbsp;&nbsp;&nbsp;&nbsp;&nbsp;&nbsp;&nbsp;&nbsp;&nbsp;&nbsp;&nbsp;&nbsp;&nbsp;&nbsp;&nbsp; &nbsp;&nbsp;&nbsp;&nbsp;&nbsp;&nbsp;&nbsp;&nbsp;&nbsp;&nbsp;&nbsp;&nbsp;&nbsp;&nbsp;&nbsp;&nbsp;&nbsp;&nbsp;&nbsp;&nbsp;&nbsp;&nbsp;&nbsp;&nbsp;&nbsp;&nbsp;&nbsp;&nbsp;&nbsp;&nbsp;&nbsp;&nbsp;&nbsp;&nbsp;&nbsp; Libera SA Aeschengraben 10&nbsp;&nbsp;&nbsp;&nbsp;&nbsp;&nbsp;&nbsp;&nbsp;&nbsp;&nbsp;&nbsp;&nbsp;&nbsp;&nbsp;&nbsp;&nbsp;&nbsp;&nbsp;&nbsp;&nbsp;&nbsp;&nbsp;&nbsp;&nbsp;&nbsp;&nbsp;&nbsp;&nbsp;&nbsp;&nbsp;&nbsp;&nbsp;&nbsp;&nbsp;&nbsp;&nbsp;&nbsp;&nbsp;CH-4010 Basel&nbsp;&nbsp;&nbsp;&nbsp;&nbsp;&nbsp;&nbsp;&nbsp;&nbsp;&nbsp;&nbsp;&nbsp; Tel. +41 (0) 61 \/ 205 74 00 Email:&nbsp;info@libera.ch Direction: Dr Benno Ambrosini (Managing Director) \/\/ Dr Matthias Wiedmer \/\/ Dr Ruben Lombardi \/\/ Ueli H\u00f6hn Num\u00e9ro de registre du commerce: CHE-107.735.497 Informations l\u00e9gales : soci\u00e9t\u00e9 [&hellip;]","og_url":"http:\/\/nervous-knuth.46-231-200-39.plesk.page\/fr\/mention-legales\/","og_site_name":"Libera","article_modified_time":"2022-05-10T13:17:21+00:00","author":"xeit","twitter_card":"summary_large_image","twitter_misc":{"Est. reading time":"1 minute"},"schema":{"@context":"https:\/\/schema.org","@graph":[{"@type":"Organization","@id":"https:\/\/nervous-knuth.46-231-200-39.plesk.page\/#organization","name":"Libera AG","url":"https:\/\/nervous-knuth.46-231-200-39.plesk.page\/","sameAs":[],"logo":{"@type":"ImageObject","inLanguage":"fr-FR","@id":"https:\/\/nervous-knuth.46-231-200-39.plesk.page\/#\/schema\/logo\/image\/","url":"https:\/\/nervous-knuth.46-231-200-39.plesk.page\/wp-content\/uploads\/2022\/06\/logo_de.svg","contentUrl":"https:\/\/nervous-knuth.46-231-200-39.plesk.page\/wp-content\/uploads\/2022\/06\/logo_de.svg","width":273,"height":79,"caption":"Libera AG"},"image":{"@id":"https:\/\/nervous-knuth.46-231-200-39.plesk.page\/#\/schema\/logo\/image\/"}},{"@type":"WebSite","@id":"https:\/\/nervous-knuth.46-231-200-39.plesk.page\/#website","url":"https:\/\/nervous-knuth.46-231-200-39.plesk.page\/","name":"Libera","description":"Eine weitere WordPress-Website","publisher":{"@id":"https:\/\/nervous-knuth.46-231-200-39.plesk.page\/#organization"},"potentialAction":[{"@type":"SearchAction","target":{"@type":"EntryPoint","urlTemplate":"https:\/\/nervous-knuth.46-231-200-39.plesk.page\/?s={search_term_string}"},"query-input":"required name=search_term_string"}],"inLanguage":"fr-FR"},{"@type":"WebPage","@id":"http:\/\/nervous-knuth.46-231-200-39.plesk.page\/fr\/mention-legales\/#webpage","url":"http:\/\/nervous-knuth.46-231-200-39.plesk.page\/fr\/mention-legales\/","name":"Mention L\u00e9gales | Libera","isPartOf":{"@id":"https:\/\/nervous-knuth.46-231-200-39.plesk.page\/#website"},"datePublished":"2022-05-10T13:13:09+00:00","dateModified":"2022-05-10T13:17:21+00:00","breadcrumb":{"@id":"http:\/\/nervous-knuth.46-231-200-39.plesk.page\/fr\/mention-legales\/#breadcrumb"},"inLanguage":"fr-FR","potentialAction":[{"@type":"ReadAction","target":["http:\/\/nervous-knuth.46-231-200-39.plesk.page\/fr\/mention-legales\/"]}]},{"@type":"BreadcrumbList","@id":"http:\/\/nervous-knuth.46-231-200-39.plesk.page\/fr\/mention-legales\/#breadcrumb","itemListElement":[{"@type":"ListItem","position":1,"name":"Home","item":"http:\/\/nervous-knuth.46-231-200-39.plesk.page\/fr\/"},{"@type":"ListItem","position":2,"name":"Mention L\u00e9gales"}]}]}},"_links":{"self":[{"href":"https:\/\/nervous-knuth.46-231-200-39.plesk.page\/fr\/wp-json\/wp\/v2\/pages\/2628"}],"collection":[{"href":"https:\/\/nervous-knuth.46-231-200-39.plesk.page\/fr\/wp-json\/wp\/v2\/pages"}],"about":[{"href":"https:\/\/nervous-knuth.46-231-200-39.plesk.page\/fr\/wp-json\/wp\/v2\/types\/page"}],"author":[{"embeddable":true,"href":"https:\/\/nervous-knuth.46-231-200-39.plesk.page\/fr\/wp-json\/wp\/v2\/users\/2"}],"replies":[{"embeddable":true,"href":"https:\/\/nervous-knuth.46-231-200-39.plesk.page\/fr\/wp-json\/wp\/v2\/comments?post=2628"}],"version-history":[{"count":5,"href":"https:\/\/nervous-knuth.46-231-200-39.plesk.page\/fr\/wp-json\/wp\/v2\/pages\/2628\/revisions"}],"predecessor-version":[{"id":2638,"href":"https:\/\/nervous-knuth.46-231-200-39.plesk.page\/fr\/wp-json\/wp\/v2\/pages\/2628\/revisions\/2638"}],"wp:attachment":[{"href":"https:\/\/nervous-knuth.46-231-200-39.plesk.page\/fr\/wp-json\/wp\/v2\/media?parent=2628"}],"curies":[{"name":"wp","href":"https:\/\/api.w.org\/{rel}","templated":true}]}}