{"id":1363,"date":"2021-11-05T10:37:52","date_gmt":"2021-11-05T09:37:52","guid":{"rendered":"https:\/\/nervous-knuth.46-231-200-39.plesk.page\/ueber-uns\/"},"modified":"2022-06-23T17:13:04","modified_gmt":"2022-06-23T15:13:04","slug":"a-propos","status":"publish","type":"page","link":"https:\/\/nervous-knuth.46-231-200-39.plesk.page\/fr\/a-propos\/","title":{"rendered":"\u00c0 propos"},"content":{"rendered":"\n<div class=\"wp-container-2 wp-block-columns\">\n<div class=\"wp-container-1 wp-block-column\">\n<p>Libera est une entreprise de conseil suisse de premier plan pour les institutions de pr\u00e9voyance et les entreprises en Suisse. Nous sommes ind\u00e9pendants des banques, des assurances-vie et des soci\u00e9t\u00e9s d&#8217;audit. Depuis 1963 d\u00e9j\u00e0, nous conseillons de mani\u00e8re comp\u00e9tente et compl\u00e8te les institutions de pr\u00e9voyance et les groupes \u00e0 orientation internationale en mati\u00e8re de pr\u00e9voyance professionnelle, nous les soutenons avec des prestations d&#8217;externalisation et pour toutes les questions de comptabilit\u00e9 internationale. Nous disposons de deux sites, B\u00e2le et Zurich, et employons environ 80 personnes..<\/p>\n<\/div>\n<\/div>\n\n\n\n<div class=\"wp-container-7 wp-block-group has-white-color has-liberablue-background-color has-text-color has-background\"><div class=\"wp-block-group__inner-container\">\n<div class=\"wp-container-6 wp-block-columns is-style-responsive_no_stack\">\n<div class=\"wp-container-3 wp-block-column libera-hover-group\">\n<figure class=\"wp-block-image size-large is-style-rect\"><a href=\"https:\/\/nervous-knuth.46-231-200-39.plesk.page\/fr\/a-propos\/entreprise\/\"><img  src=\"https:\/\/nervous-knuth.46-231-200-39.plesk.page\/wp-content\/uploads\/2021\/11\/build.svg\" alt=\"\" class=\"wp-image-816\"\/><\/a><\/figure>\n\n\n\n<p class=\"has-text-align-center is-style-nunito has-medium-font-size\"><strong><a href=\"https:\/\/nervous-knuth.46-231-200-39.plesk.page\/fr\/a-propos\/entreprise\/\">Entreprise<\/a><\/strong><\/p>\n<\/div>\n\n\n\n<div class=\"wp-container-4 wp-block-column libera-hover-group\">\n<figure class=\"wp-block-image size-large is-style-rect\"><a href=\"https:\/\/nervous-knuth.46-231-200-39.plesk.page\/fr\/a-propos\/notre-equipe\/\"><img  src=\"https:\/\/nervous-knuth.46-231-200-39.plesk.page\/wp-content\/uploads\/2021\/11\/team.svg\" alt=\"\" class=\"wp-image-819\"\/><\/a><\/figure>\n\n\n\n<p class=\"has-text-align-center is-style-nunito has-medium-font-size\"><strong><a href=\"https:\/\/nervous-knuth.46-231-200-39.plesk.page\/fr\/a-propos\/notre-equipe\/\">Notre \u00e9quipe<\/a><\/strong><\/p>\n<\/div>\n\n\n\n<div class=\"wp-container-5 wp-block-column libera-hover-group\">\n<figure class=\"wp-block-image size-large is-style-rect\"><a href=\"https:\/\/nervous-knuth.46-231-200-39.plesk.page\/fr\/a-propos\/carrieres\/\"><img  src=\"https:\/\/nervous-knuth.46-231-200-39.plesk.page\/wp-content\/uploads\/2021\/11\/man_stairs.svg\" alt=\"\" class=\"wp-image-822\"\/><\/a><\/figure>\n\n\n\n<p class=\"has-text-align-center is-style-nunito has-medium-font-size\"><strong><a href=\"https:\/\/nervous-knuth.46-231-200-39.plesk.page\/fr\/a-propos\/carrieres\/\">Carri\u00e8res<\/a><\/strong><\/p>\n<\/div>\n<\/div>\n<\/div><\/div>\n\n\n                <\/div>\r\n            <\/article>\r\n        <\/div>\r\n    <\/div>\r\n<\/div>\r\n<div id=\"ais-block_618a3bbddc83f\" class=\"ais-block ais-block-contactinfo m-0 \"  >\r\n    <div class=\"container ais-contactinfo-top\">\r\n        <div class=\"row p-0\">\r\n            <div class=\"col-md-12\">\r\n                <div class=\"row\">\r\n                                                    <div class=\"col-md-6 mt-5 mt-md-0 mb-5\">\r\n                        <div class=\" ais-bg-white shadow ais-color-blue\">\r\n                            <div class=\"d-flex justify-content-center\">\r\n                                <img class=\"\" src=\"https:\/\/nervous-knuth.46-231-200-39.plesk.page\/wp-content\/uploads\/2022\/04\/Veranstaltungen-860x490.jpg\" alt=\"\">\r\n                            <\/div>\r\n                            <div class=\"ais-block-contactinfo-text p-4 pb-5 ais-same-height-contactinfo-box\">\r\n                                <h3 class=\"ais-fs-50 ais-same-height-contactinfo-title\">\u00c9v\u00e9nements<\/h3>\r\n                                <span class=\"d-block ais-fs-25\"><\/span>\r\n                                <div class=\"ais-fs-50\">\r\n                                                                                                        <\/div>\r\n                                <div class=\"mt-3 ais-fs-25 ais-same-height-contactinfo-desc\">En plus du Forum Libera qui a lieu chaque ann\u00e9e, nos experts et sp\u00e9cialistes en caisses de pension sont pr\u00e9sents aux congr\u00e8s, s\u00e9ances d&#8217;information et formations.<\/div>\r\n                                                                <a class=\"ais-button ais-bg-blue text-white text-decoration-none ais-fs-26 ais-ff-nunitosans-regular\" href=\"https:\/\/nervous-knuth.46-231-200-39.plesk.page\/fr\/evenements\/\">En savoir plus<\/a>\r\n                                                            <\/div>\r\n                        <\/div>\r\n                    <\/div>\r\n                                <div class=\"col-md-6 mt-5 mt-md-0 mb-5\">\r\n                        <div class=\" ais-bg-white shadow ais-color-blue\">\r\n                            <div class=\"d-flex justify-content-center\">\r\n                                <img class=\"\" src=\"https:\/\/nervous-knuth.46-231-200-39.plesk.page\/wp-content\/uploads\/2022\/03\/Publikationen-860x490.jpg\" alt=\"\">\r\n                            <\/div>\r\n                            <div class=\"ais-block-contactinfo-text p-4 pb-5 ais-same-height-contactinfo-box\">\r\n                                <h3 class=\"ais-fs-50 ais-same-height-contactinfo-title\">Publications<\/h3>\r\n                                <span class=\"d-block ais-fs-25\"><\/span>\r\n                                <div class=\"ais-fs-50\">\r\n                                                                                                        <\/div>\r\n                                <div class=\"mt-3 ais-fs-25 ais-same-height-contactinfo-desc\">Die von unseren FachspezialistInnen verfassten Artikel erscheinen regelm\u00e4ssig in der Wirtschafts- und Tagespresse.<\/div>\r\n                                                                <a class=\"ais-button ais-bg-blue text-white text-decoration-none ais-fs-26 ais-ff-nunitosans-regular\" href=\"https:\/\/nervous-knuth.46-231-200-39.plesk.page\/fr\/french-publications\/\">En savoir plus<\/a>\r\n                                                            <\/div>\r\n                        <\/div>\r\n                    <\/div>\r\n                            <\/div>\r\n            <\/div>\r\n        <\/div>\r\n    <\/div>\r\n\r\n    <div class=\"container-fluid ais-contactinfo-bottom d-flex align-items-end justify-content-center \" style=\"background-color: #28386a\"><\/div>\r\n<\/div>\r\n<div class=\"container\">\r\n    <div class=\"row\">\r\n        <div class=\"col-lg-12\">\r\n            <article class=\"page type-page status-publish hentry\">\r\n                <div class=\"entry-content\">\r\n\r\n","protected":false},"excerpt":{"rendered":"<p>Libera est une entreprise de conseil suisse de premier plan pour les institutions de pr\u00e9voyance et les entreprises en Suisse. Nous sommes ind\u00e9pendants des banques, des assurances-vie et des soci\u00e9t\u00e9s d&#8217;audit. Depuis 1963 d\u00e9j\u00e0, nous conseillons de mani\u00e8re comp\u00e9tente et compl\u00e8te les institutions de pr\u00e9voyance et les groupes \u00e0 orientation internationale en mati\u00e8re de pr\u00e9voyance [&hellip;]<\/p>\n","protected":false},"author":1,"featured_media":0,"parent":0,"menu_order":0,"comment_status":"closed","ping_status":"closed","template":"","meta":{"inline_featured_image":false},"acf":[],"yoast_head":"<!-- This site is optimized with the Yoast SEO plugin v19.2 - https:\/\/yoast.com\/wordpress\/plugins\/seo\/ -->\n<title>\u00c0 propos | Libera<\/title>\n<meta name=\"robots\" content=\"noindex, follow, max-snippet:-1, max-image-preview:large, max-video-preview:-1\" \/>\n<meta property=\"og:locale\" content=\"fr_FR\" \/>\n<meta property=\"og:type\" content=\"article\" \/>\n<meta property=\"og:title\" content=\"\u00c0 propos | Libera\" \/>\n<meta property=\"og:description\" content=\"Libera est une entreprise de conseil suisse de premier plan pour les institutions de pr\u00e9voyance et les entreprises en Suisse. Nous sommes ind\u00e9pendants des banques, des assurances-vie et des soci\u00e9t\u00e9s d&#8217;audit. Depuis 1963 d\u00e9j\u00e0, nous conseillons de mani\u00e8re comp\u00e9tente et compl\u00e8te les institutions de pr\u00e9voyance et les groupes \u00e0 orientation internationale en mati\u00e8re de pr\u00e9voyance [&hellip;]\" \/>\n<meta property=\"og:url\" content=\"https:\/\/nervous-knuth.46-231-200-39.plesk.page\/fr\/a-propos\/\" \/>\n<meta property=\"og:site_name\" content=\"Libera\" \/>\n<meta property=\"article:modified_time\" content=\"2022-06-23T15:13:04+00:00\" \/>\n<meta property=\"og:image\" content=\"https:\/\/nervous-knuth.46-231-200-39.plesk.page\/wp-content\/uploads\/2021\/11\/build.svg\" \/>\n<meta name=\"author\" content=\"ermir\" \/>\n<meta name=\"twitter:card\" content=\"summary_large_image\" \/>\n<meta name=\"twitter:label1\" content=\"Est. reading time\" \/>\n\t<meta name=\"twitter:data1\" content=\"2 minutes\" \/>\n<script type=\"application\/ld+json\" class=\"yoast-schema-graph\">{\"@context\":\"https:\/\/schema.org\",\"@graph\":[{\"@type\":\"Organization\",\"@id\":\"https:\/\/nervous-knuth.46-231-200-39.plesk.page\/#organization\",\"name\":\"Libera AG\",\"url\":\"https:\/\/nervous-knuth.46-231-200-39.plesk.page\/\",\"sameAs\":[],\"logo\":{\"@type\":\"ImageObject\",\"inLanguage\":\"fr-FR\",\"@id\":\"https:\/\/nervous-knuth.46-231-200-39.plesk.page\/#\/schema\/logo\/image\/\",\"url\":\"https:\/\/nervous-knuth.46-231-200-39.plesk.page\/wp-content\/uploads\/2022\/06\/logo_de.svg\",\"contentUrl\":\"https:\/\/nervous-knuth.46-231-200-39.plesk.page\/wp-content\/uploads\/2022\/06\/logo_de.svg\",\"width\":273,\"height\":79,\"caption\":\"Libera AG\"},\"image\":{\"@id\":\"https:\/\/nervous-knuth.46-231-200-39.plesk.page\/#\/schema\/logo\/image\/\"}},{\"@type\":\"WebSite\",\"@id\":\"https:\/\/nervous-knuth.46-231-200-39.plesk.page\/#website\",\"url\":\"https:\/\/nervous-knuth.46-231-200-39.plesk.page\/\",\"name\":\"Libera\",\"description\":\"Eine weitere WordPress-Website\",\"publisher\":{\"@id\":\"https:\/\/nervous-knuth.46-231-200-39.plesk.page\/#organization\"},\"potentialAction\":[{\"@type\":\"SearchAction\",\"target\":{\"@type\":\"EntryPoint\",\"urlTemplate\":\"https:\/\/nervous-knuth.46-231-200-39.plesk.page\/?s={search_term_string}\"},\"query-input\":\"required name=search_term_string\"}],\"inLanguage\":\"fr-FR\"},{\"@type\":\"ImageObject\",\"inLanguage\":\"fr-FR\",\"@id\":\"https:\/\/nervous-knuth.46-231-200-39.plesk.page\/fr\/a-propos\/#primaryimage\",\"url\":\"https:\/\/nervous-knuth.46-231-200-39.plesk.page\/wp-content\/uploads\/2021\/11\/build.svg\",\"contentUrl\":\"https:\/\/nervous-knuth.46-231-200-39.plesk.page\/wp-content\/uploads\/2021\/11\/build.svg\"},{\"@type\":\"WebPage\",\"@id\":\"https:\/\/nervous-knuth.46-231-200-39.plesk.page\/fr\/a-propos\/#webpage\",\"url\":\"https:\/\/nervous-knuth.46-231-200-39.plesk.page\/fr\/a-propos\/\",\"name\":\"\u00c0 propos | Libera\",\"isPartOf\":{\"@id\":\"https:\/\/nervous-knuth.46-231-200-39.plesk.page\/#website\"},\"primaryImageOfPage\":{\"@id\":\"https:\/\/nervous-knuth.46-231-200-39.plesk.page\/fr\/a-propos\/#primaryimage\"},\"datePublished\":\"2021-11-05T09:37:52+00:00\",\"dateModified\":\"2022-06-23T15:13:04+00:00\",\"breadcrumb\":{\"@id\":\"https:\/\/nervous-knuth.46-231-200-39.plesk.page\/fr\/a-propos\/#breadcrumb\"},\"inLanguage\":\"fr-FR\",\"potentialAction\":[{\"@type\":\"ReadAction\",\"target\":[\"https:\/\/nervous-knuth.46-231-200-39.plesk.page\/fr\/a-propos\/\"]}]},{\"@type\":\"BreadcrumbList\",\"@id\":\"https:\/\/nervous-knuth.46-231-200-39.plesk.page\/fr\/a-propos\/#breadcrumb\",\"itemListElement\":[{\"@type\":\"ListItem\",\"position\":1,\"name\":\"Home\",\"item\":\"http:\/\/nervous-knuth.46-231-200-39.plesk.page\/fr\/\"},{\"@type\":\"ListItem\",\"position\":2,\"name\":\"\u00c0 propos\"}]}]}<\/script>\n<!-- \/ Yoast SEO plugin. -->","yoast_head_json":{"title":"\u00c0 propos | Libera","robots":{"index":"noindex","follow":"follow","max-snippet":"max-snippet:-1","max-image-preview":"max-image-preview:large","max-video-preview":"max-video-preview:-1"},"og_locale":"fr_FR","og_type":"article","og_title":"\u00c0 propos | Libera","og_description":"Libera est une entreprise de conseil suisse de premier plan pour les institutions de pr\u00e9voyance et les entreprises en Suisse. Nous sommes ind\u00e9pendants des banques, des assurances-vie et des soci\u00e9t\u00e9s d&#8217;audit. Depuis 1963 d\u00e9j\u00e0, nous conseillons de mani\u00e8re comp\u00e9tente et compl\u00e8te les institutions de pr\u00e9voyance et les groupes \u00e0 orientation internationale en mati\u00e8re de pr\u00e9voyance [&hellip;]","og_url":"https:\/\/nervous-knuth.46-231-200-39.plesk.page\/fr\/a-propos\/","og_site_name":"Libera","article_modified_time":"2022-06-23T15:13:04+00:00","og_image":[{"url":"https:\/\/nervous-knuth.46-231-200-39.plesk.page\/wp-content\/uploads\/2021\/11\/build.svg"}],"author":"ermir","twitter_card":"summary_large_image","twitter_misc":{"Est. reading time":"2 minutes"},"schema":{"@context":"https:\/\/schema.org","@graph":[{"@type":"Organization","@id":"https:\/\/nervous-knuth.46-231-200-39.plesk.page\/#organization","name":"Libera AG","url":"https:\/\/nervous-knuth.46-231-200-39.plesk.page\/","sameAs":[],"logo":{"@type":"ImageObject","inLanguage":"fr-FR","@id":"https:\/\/nervous-knuth.46-231-200-39.plesk.page\/#\/schema\/logo\/image\/","url":"https:\/\/nervous-knuth.46-231-200-39.plesk.page\/wp-content\/uploads\/2022\/06\/logo_de.svg","contentUrl":"https:\/\/nervous-knuth.46-231-200-39.plesk.page\/wp-content\/uploads\/2022\/06\/logo_de.svg","width":273,"height":79,"caption":"Libera AG"},"image":{"@id":"https:\/\/nervous-knuth.46-231-200-39.plesk.page\/#\/schema\/logo\/image\/"}},{"@type":"WebSite","@id":"https:\/\/nervous-knuth.46-231-200-39.plesk.page\/#website","url":"https:\/\/nervous-knuth.46-231-200-39.plesk.page\/","name":"Libera","description":"Eine weitere WordPress-Website","publisher":{"@id":"https:\/\/nervous-knuth.46-231-200-39.plesk.page\/#organization"},"potentialAction":[{"@type":"SearchAction","target":{"@type":"EntryPoint","urlTemplate":"https:\/\/nervous-knuth.46-231-200-39.plesk.page\/?s={search_term_string}"},"query-input":"required name=search_term_string"}],"inLanguage":"fr-FR"},{"@type":"ImageObject","inLanguage":"fr-FR","@id":"https:\/\/nervous-knuth.46-231-200-39.plesk.page\/fr\/a-propos\/#primaryimage","url":"https:\/\/nervous-knuth.46-231-200-39.plesk.page\/wp-content\/uploads\/2021\/11\/build.svg","contentUrl":"https:\/\/nervous-knuth.46-231-200-39.plesk.page\/wp-content\/uploads\/2021\/11\/build.svg"},{"@type":"WebPage","@id":"https:\/\/nervous-knuth.46-231-200-39.plesk.page\/fr\/a-propos\/#webpage","url":"https:\/\/nervous-knuth.46-231-200-39.plesk.page\/fr\/a-propos\/","name":"\u00c0 propos | Libera","isPartOf":{"@id":"https:\/\/nervous-knuth.46-231-200-39.plesk.page\/#website"},"primaryImageOfPage":{"@id":"https:\/\/nervous-knuth.46-231-200-39.plesk.page\/fr\/a-propos\/#primaryimage"},"datePublished":"2021-11-05T09:37:52+00:00","dateModified":"2022-06-23T15:13:04+00:00","breadcrumb":{"@id":"https:\/\/nervous-knuth.46-231-200-39.plesk.page\/fr\/a-propos\/#breadcrumb"},"inLanguage":"fr-FR","potentialAction":[{"@type":"ReadAction","target":["https:\/\/nervous-knuth.46-231-200-39.plesk.page\/fr\/a-propos\/"]}]},{"@type":"BreadcrumbList","@id":"https:\/\/nervous-knuth.46-231-200-39.plesk.page\/fr\/a-propos\/#breadcrumb","itemListElement":[{"@type":"ListItem","position":1,"name":"Home","item":"http:\/\/nervous-knuth.46-231-200-39.plesk.page\/fr\/"},{"@type":"ListItem","position":2,"name":"\u00c0 propos"}]}]}},"_links":{"self":[{"href":"https:\/\/nervous-knuth.46-231-200-39.plesk.page\/fr\/wp-json\/wp\/v2\/pages\/1363"}],"collection":[{"href":"https:\/\/nervous-knuth.46-231-200-39.plesk.page\/fr\/wp-json\/wp\/v2\/pages"}],"about":[{"href":"https:\/\/nervous-knuth.46-231-200-39.plesk.page\/fr\/wp-json\/wp\/v2\/types\/page"}],"author":[{"embeddable":true,"href":"https:\/\/nervous-knuth.46-231-200-39.plesk.page\/fr\/wp-json\/wp\/v2\/users\/1"}],"replies":[{"embeddable":true,"href":"https:\/\/nervous-knuth.46-231-200-39.plesk.page\/fr\/wp-json\/wp\/v2\/comments?post=1363"}],"version-history":[{"count":11,"href":"https:\/\/nervous-knuth.46-231-200-39.plesk.page\/fr\/wp-json\/wp\/v2\/pages\/1363\/revisions"}],"predecessor-version":[{"id":4074,"href":"https:\/\/nervous-knuth.46-231-200-39.plesk.page\/fr\/wp-json\/wp\/v2\/pages\/1363\/revisions\/4074"}],"wp:attachment":[{"href":"https:\/\/nervous-knuth.46-231-200-39.plesk.page\/fr\/wp-json\/wp\/v2\/media?parent=1363"}],"curies":[{"name":"wp","href":"https:\/\/api.w.org\/{rel}","templated":true}]}}