{"id":1355,"date":"2021-11-05T10:48:57","date_gmt":"2021-11-05T09:48:57","guid":{"rendered":"https:\/\/nervous-knuth.46-231-200-39.plesk.page\/evenements\/libera-forum\/"},"modified":"2022-07-01T08:26:04","modified_gmt":"2022-07-01T06:26:04","slug":"libera-forum","status":"publish","type":"page","link":"https:\/\/nervous-knuth.46-231-200-39.plesk.page\/fr\/evenements\/libera-forum\/","title":{"rendered":"Forum Libera"},"content":{"rendered":"\n<p>Une fois par an, en novembre, nous organisons notre Forum Libera. Avec des conf\u00e9rences passionnantes sur les d\u00e9veloppements actuels de la pr\u00e9voyance professionnelle, suivies d&#8217;un ap\u00e9ritif, nous voulons rencontrer les acteurs de la pr\u00e9voyance professionnelle dans une atmosph\u00e8re d\u00e9contract\u00e9e.<\/p>\n\n\n\n<h2 id=\"nachstes-libera-forum\">Prochain Forum Libera<\/h2>\n\n\n\n<ul><li>9 novembre 2022 \u00e0 B\u00e2le, H\u00f4tel Les Trois Rois<\/li><li>16 novembre 2022 \u00e0 Z\u00fcrich, H\u00f4tel Hyatt<\/li><\/ul>\n\n\n\n<p><em>Le formulaire d&#8217;inscription sera mis en ligne environ un mois avant l&#8217;\u00e9v\u00e9nement<\/em>. <\/p>\n\n\n\n<h2 id=\"vergange-libera-foren\">Forums Libera pr\u00e9c\u00e9dents<\/h2>\n\n\n\n<div class=\"wp-container-3 wp-block-columns\">\n<div class=\"wp-container-1 wp-block-column\" style=\"flex-basis:33.33%\">\n<p id=\"libera-forum-2021\"><strong>Forum<\/strong> <strong>Libera 2021<\/strong><\/p>\n\n\n\n<p><em>27.11.21, Hotel Savoy, Z\u00fcrich &amp; 17.11.21 Hotel Les Trois Rois, Basel <\/em><\/p>\n<\/div>\n\n\n\n<div class=\"wp-container-2 wp-block-column\" style=\"flex-basis:66.66%\">\n<p><strong><strong>Le d\u00e9fi de l&#8217;esp\u00e9rance de vie<\/strong><\/strong><br>Dr. Gerold Betschart, Expert en caisses de pension LIBERA SA<\/p>\n\n\n\n<p><strong><strong>March\u00e9 immobilier suisse et Corona : effets de la pand\u00e9mie<\/strong><\/strong><br>Prof. Dr. Donato Scognamiglio Chief Executive Officer &amp; copropri\u00e9taire IAZI AG<\/p>\n\n\n\n<p><strong><strong>Actualit\u00e9s de la pr\u00e9voyance professionnelle<\/strong><\/strong><br>Dr. Matthias Wiedmer, Membre de la direction et Kate Kristovic Experte en caisses de pension LIBERA SA<\/p>\n<\/div>\n<\/div>\n\n\n\n<div style=\"height:60px\" aria-hidden=\"true\" class=\"wp-block-spacer\"><\/div>\n\n\n\n<div class=\"wp-container-6 wp-block-columns\">\n<div class=\"wp-container-4 wp-block-column\" style=\"flex-basis:33.33%\">\n<p><strong>Forum<\/strong> <strong>Libera 2020<\/strong><\/p>\n\n\n\n<p><em>Webin<\/em>aire<\/p>\n<\/div>\n\n\n\n<div class=\"wp-container-5 wp-block-column\" style=\"flex-basis:66.66%\">\n<p><strong><strong><strong>Pand\u00e9mie COVID-19 : comment la mortalit\u00e9 \u00e9volue-t-elle ?<\/strong><\/strong><\/strong><br>Samuel Blum, Expert en caisses de pension LIBERA SA<\/p>\n\n\n\n<p><strong><strong><strong>Pand\u00e9mie COVID-19 : comment les caisses de pension doivent-elles \u00e9voluer dans le contexte d&#8217;investissement actuel ?<\/strong><\/strong><\/strong><br>Philippe Schlumpf, Senior Investment Consultant LIBERA SA<\/p>\n\n\n\n<p><strong><strong><strong>Actualit\u00e9s de la pr\u00e9voyance professionnelle et ce qu&#8217;il faut savoir de la jurisprudence actuelle<\/strong><\/strong><\/strong><br>Nicole Gisler, Responsable du conseil juridique LIBERA SA<\/p>\n<\/div>\n<\/div>\n\n\n\n<div style=\"height:60px\" aria-hidden=\"true\" class=\"wp-block-spacer\"><\/div>\n\n\n\n<div class=\"wp-container-9 wp-block-columns\">\n<div class=\"wp-container-7 wp-block-column\" style=\"flex-basis:33.33%\">\n<p><strong>Forum Libera 2019<\/strong><\/p>\n\n\n\n<p><em>20.11.19 Hotel Savoy, Z\u00fcrich &amp; 13.11.19 Hotel Les Trois Rois, Basel<\/em><\/p>\n<\/div>\n\n\n\n<div class=\"wp-container-8 wp-block-column\" style=\"flex-basis:66.66%\">\n<p><strong><strong><strong><strong>Vivre 150 ans ? Comment la Silicon Valley veut vaincre le cancer et prolonger notre vie<\/strong><\/strong><\/strong><\/strong><br>Thomas Schulz, Correspondant \u00e9conomique DER SPIEGEL<\/p>\n\n\n\n<p><strong><strong><strong><strong>Vivre 150 ans ? Cons\u00e9quences pour les caisses de pension suisses<\/strong><\/strong><\/strong><\/strong><br>Dr. Gerold Betschart, Expert en caisses de pension LIBERA SA<\/p>\n\n\n\n<p><strong><strong><strong><strong>La pr\u00e9voyance professionnelle en p\u00e9riode de taux d&#8217;int\u00e9r\u00eat n\u00e9gatifs<\/strong><\/strong><\/strong><\/strong><br>Samuel Blum, Expert en caisses de pension LIBERA SA<\/p>\n\n\n\n<p><strong><strong>Actualit\u00e9s des assurances sociales, avec un accent sur les \u00e9volutions l\u00e9gislatives<\/strong><\/strong><br>Dr. Matthias Wiedmer, Membre de la direction LIBERA SA<\/p>\n<\/div>\n<\/div>\n\n\n\n<div style=\"height:60px\" aria-hidden=\"true\" class=\"wp-block-spacer\"><\/div>\n\n\n                <\/div>\r\n            <\/article>\r\n        <\/div>\r\n    <\/div>\r\n<\/div>\r\n<div id=\"ais-block_6183f72522a53\" class=\"ais-block ais-block-contactinfo m-0 \"  >\r\n    <div class=\"container ais-contactinfo-top\">\r\n        <div class=\"row p-0\">\r\n            <div class=\"col-md-12\">\r\n                <div class=\"row\">\r\n                                         <h2 class=\"text-center mb-5 ais-color-blue\">Vos personnes de contact<\/h2>\r\n                                                    <div class=\"offset-md-2 col-md-10 col-12 ais-block-contactinfo-rounded mt-5 mt-md-0 mb-5\">\r\n                        <div class=\"ais-text-holder d-flex position-relative justify-content-center justify-content-md-end justify-content-lg-center ais-bg-white shadow ais-color-blue\">\r\n                            <div class=\"d-flex justify-content-center\">\r\n                                <img class=\"rounded-circle shadow\" src=\"https:\/\/nervous-knuth.46-231-200-39.plesk.page\/wp-content\/uploads\/2021\/11\/Kristovic_Kate-Web.jpg\" alt=\"\">\r\n                            <\/div>\r\n                            <div class=\"ais-block-contactinfo-text offset-md-1  col-md-8 p-3 ps-5 pe-5 pe-lg-3\">\r\n                                <h3 class=\"ais-fs-50 \">Kate Kristovic<\/h3>\r\n                                <span class=\"d-block ais-fs-25\">Experte en caisses de pension CSEP<\/span>\r\n                                <div class=\"ais-fs-50\">\r\n                                                                        <span class=\"d-inline-block\"><a class=\"ais-link-color\" href=\"mailto:kate.kristovic@libera.ch\"><i class=\"fas fa-envelope-square\"><\/i><\/a><\/span>\r\n                                                                                                            <span class=\"d-inline-block\"><a class=\"ais-link-color\" href=\"tel:00418177341\"><i class=\"fas fa-phone-square\"><\/i><\/a><\/span>\r\n                                                                    <\/div>\r\n                                <div class=\"mt-3 ais-fs-25 ais-same-height-contactinfo-desc\">Ou contactez-nous via le formulaire de contact. Nous nous r\u00e9jouissons de votre demande.<\/div>\r\n                                                                <a class=\"ais-button ais-bg-blue text-white text-decoration-none ais-fs-26 ais-ff-nunitosans-regular\" href=\"https:\/\/nervous-knuth.46-231-200-39.plesk.page\/fr\/contact\/\">Contact<\/a>\r\n                                                            <\/div>\r\n                        <\/div>\r\n                    <\/div>\r\n                                <div class=\"offset-md-2 col-md-10 col-12 ais-block-contactinfo-rounded mt-5 mt-md-0 mb-5\">\r\n                        <div class=\"ais-text-holder d-flex position-relative justify-content-center justify-content-md-end justify-content-lg-center ais-bg-white shadow ais-color-blue\">\r\n                            <div class=\"d-flex justify-content-center\">\r\n                                <img class=\"rounded-circle shadow\" src=\"https:\/\/nervous-knuth.46-231-200-39.plesk.page\/wp-content\/uploads\/2022\/04\/Stutz_Catherine-Web.jpg\" alt=\"\">\r\n                            <\/div>\r\n                            <div class=\"ais-block-contactinfo-text offset-md-1  col-md-8 p-3 ps-5 pe-5 pe-lg-3\">\r\n                                <h3 class=\"ais-fs-50 \">Cath\u00e9rine Stutz<\/h3>\r\n                                <span class=\"d-block ais-fs-25\">Collaboratrice Office-Management<\/span>\r\n                                <div class=\"ais-fs-50\">\r\n                                                                        <span class=\"d-inline-block\"><a class=\"ais-link-color\" href=\"mailto:catherine.stutz@libera.ch\"><i class=\"fas fa-envelope-square\"><\/i><\/a><\/span>\r\n                                                                                                            <span class=\"d-inline-block\"><a class=\"ais-link-color\" href=\"tel:0041612057465\"><i class=\"fas fa-phone-square\"><\/i><\/a><\/span>\r\n                                                                    <\/div>\r\n                                <div class=\"mt-3 ais-fs-25 ais-same-height-contactinfo-desc\">Ou contactez-nous via le formulaire de contact. Nous nous r\u00e9jouissons de votre demande.<\/div>\r\n                                                                <a class=\"ais-button ais-bg-blue text-white text-decoration-none ais-fs-26 ais-ff-nunitosans-regular\" href=\"https:\/\/nervous-knuth.46-231-200-39.plesk.page\/fr\/contact\/\">Contact<\/a>\r\n                                                            <\/div>\r\n                        <\/div>\r\n                    <\/div>\r\n                            <\/div>\r\n            <\/div>\r\n        <\/div>\r\n    <\/div>\r\n\r\n    <div class=\"container-fluid ais-contactinfo-bottom d-flex align-items-end justify-content-center shadow\" style=\"background-color: #28386a\"><\/div>\r\n<\/div>\r\n<div class=\"container\">\r\n    <div class=\"row\">\r\n        <div class=\"col-lg-12\">\r\n            <article class=\"page type-page status-publish hentry\">\r\n                <div class=\"entry-content\">\r\n\r\n","protected":false},"excerpt":{"rendered":"<p>Une fois par an, en novembre, nous organisons notre Forum Libera. Avec des conf\u00e9rences passionnantes sur les d\u00e9veloppements actuels de la pr\u00e9voyance professionnelle, suivies d&#8217;un ap\u00e9ritif, nous voulons rencontrer les acteurs de la pr\u00e9voyance professionnelle dans une atmosph\u00e8re d\u00e9contract\u00e9e. Prochain Forum Libera 9 novembre 2022 \u00e0 B\u00e2le, H\u00f4tel Les Trois Rois 16 novembre 2022 \u00e0 [&hellip;]<\/p>\n","protected":false},"author":1,"featured_media":0,"parent":1350,"menu_order":0,"comment_status":"closed","ping_status":"closed","template":"","meta":{"inline_featured_image":false},"acf":[],"yoast_head":"<!-- This site is optimized with the Yoast SEO plugin v19.2 - https:\/\/yoast.com\/wordpress\/plugins\/seo\/ -->\n<title>Forum Libera | Libera<\/title>\n<meta name=\"robots\" content=\"noindex, follow, max-snippet:-1, max-image-preview:large, max-video-preview:-1\" \/>\n<meta property=\"og:locale\" content=\"fr_FR\" \/>\n<meta property=\"og:type\" content=\"article\" \/>\n<meta property=\"og:title\" content=\"Forum Libera | Libera\" \/>\n<meta property=\"og:description\" content=\"Une fois par an, en novembre, nous organisons notre Forum Libera. Avec des conf\u00e9rences passionnantes sur les d\u00e9veloppements actuels de la pr\u00e9voyance professionnelle, suivies d&#8217;un ap\u00e9ritif, nous voulons rencontrer les acteurs de la pr\u00e9voyance professionnelle dans une atmosph\u00e8re d\u00e9contract\u00e9e. Prochain Forum Libera 9 novembre 2022 \u00e0 B\u00e2le, H\u00f4tel Les Trois Rois 16 novembre 2022 \u00e0 [&hellip;]\" \/>\n<meta property=\"og:url\" content=\"https:\/\/nervous-knuth.46-231-200-39.plesk.page\/fr\/evenements\/libera-forum\/\" \/>\n<meta property=\"og:site_name\" content=\"Libera\" \/>\n<meta property=\"article:modified_time\" content=\"2022-07-01T06:26:04+00:00\" \/>\n<meta name=\"author\" content=\"ermir\" \/>\n<meta name=\"twitter:card\" content=\"summary_large_image\" \/>\n<meta name=\"twitter:label1\" content=\"Est. reading time\" \/>\n\t<meta name=\"twitter:data1\" content=\"2 minutes\" \/>\n<script type=\"application\/ld+json\" class=\"yoast-schema-graph\">{\"@context\":\"https:\/\/schema.org\",\"@graph\":[{\"@type\":\"Organization\",\"@id\":\"https:\/\/nervous-knuth.46-231-200-39.plesk.page\/#organization\",\"name\":\"Libera AG\",\"url\":\"https:\/\/nervous-knuth.46-231-200-39.plesk.page\/\",\"sameAs\":[],\"logo\":{\"@type\":\"ImageObject\",\"inLanguage\":\"fr-FR\",\"@id\":\"https:\/\/nervous-knuth.46-231-200-39.plesk.page\/#\/schema\/logo\/image\/\",\"url\":\"https:\/\/nervous-knuth.46-231-200-39.plesk.page\/wp-content\/uploads\/2022\/06\/logo_de.svg\",\"contentUrl\":\"https:\/\/nervous-knuth.46-231-200-39.plesk.page\/wp-content\/uploads\/2022\/06\/logo_de.svg\",\"width\":273,\"height\":79,\"caption\":\"Libera AG\"},\"image\":{\"@id\":\"https:\/\/nervous-knuth.46-231-200-39.plesk.page\/#\/schema\/logo\/image\/\"}},{\"@type\":\"WebSite\",\"@id\":\"https:\/\/nervous-knuth.46-231-200-39.plesk.page\/#website\",\"url\":\"https:\/\/nervous-knuth.46-231-200-39.plesk.page\/\",\"name\":\"Libera\",\"description\":\"Eine weitere WordPress-Website\",\"publisher\":{\"@id\":\"https:\/\/nervous-knuth.46-231-200-39.plesk.page\/#organization\"},\"potentialAction\":[{\"@type\":\"SearchAction\",\"target\":{\"@type\":\"EntryPoint\",\"urlTemplate\":\"https:\/\/nervous-knuth.46-231-200-39.plesk.page\/?s={search_term_string}\"},\"query-input\":\"required name=search_term_string\"}],\"inLanguage\":\"fr-FR\"},{\"@type\":\"WebPage\",\"@id\":\"https:\/\/nervous-knuth.46-231-200-39.plesk.page\/fr\/evenements\/libera-forum\/#webpage\",\"url\":\"https:\/\/nervous-knuth.46-231-200-39.plesk.page\/fr\/evenements\/libera-forum\/\",\"name\":\"Forum Libera | Libera\",\"isPartOf\":{\"@id\":\"https:\/\/nervous-knuth.46-231-200-39.plesk.page\/#website\"},\"datePublished\":\"2021-11-05T09:48:57+00:00\",\"dateModified\":\"2022-07-01T06:26:04+00:00\",\"breadcrumb\":{\"@id\":\"https:\/\/nervous-knuth.46-231-200-39.plesk.page\/fr\/evenements\/libera-forum\/#breadcrumb\"},\"inLanguage\":\"fr-FR\",\"potentialAction\":[{\"@type\":\"ReadAction\",\"target\":[\"https:\/\/nervous-knuth.46-231-200-39.plesk.page\/fr\/evenements\/libera-forum\/\"]}]},{\"@type\":\"BreadcrumbList\",\"@id\":\"https:\/\/nervous-knuth.46-231-200-39.plesk.page\/fr\/evenements\/libera-forum\/#breadcrumb\",\"itemListElement\":[{\"@type\":\"ListItem\",\"position\":1,\"name\":\"Home\",\"item\":\"http:\/\/nervous-knuth.46-231-200-39.plesk.page\/fr\/\"},{\"@type\":\"ListItem\",\"position\":2,\"name\":\"\u00c9v\u00e9nements\",\"item\":\"https:\/\/nervous-knuth.46-231-200-39.plesk.page\/fr\/evenements\/\"},{\"@type\":\"ListItem\",\"position\":3,\"name\":\"Forum Libera\"}]}]}<\/script>\n<!-- \/ Yoast SEO plugin. -->","yoast_head_json":{"title":"Forum Libera | Libera","robots":{"index":"noindex","follow":"follow","max-snippet":"max-snippet:-1","max-image-preview":"max-image-preview:large","max-video-preview":"max-video-preview:-1"},"og_locale":"fr_FR","og_type":"article","og_title":"Forum Libera | Libera","og_description":"Une fois par an, en novembre, nous organisons notre Forum Libera. Avec des conf\u00e9rences passionnantes sur les d\u00e9veloppements actuels de la pr\u00e9voyance professionnelle, suivies d&#8217;un ap\u00e9ritif, nous voulons rencontrer les acteurs de la pr\u00e9voyance professionnelle dans une atmosph\u00e8re d\u00e9contract\u00e9e. Prochain Forum Libera 9 novembre 2022 \u00e0 B\u00e2le, H\u00f4tel Les Trois Rois 16 novembre 2022 \u00e0 [&hellip;]","og_url":"https:\/\/nervous-knuth.46-231-200-39.plesk.page\/fr\/evenements\/libera-forum\/","og_site_name":"Libera","article_modified_time":"2022-07-01T06:26:04+00:00","author":"ermir","twitter_card":"summary_large_image","twitter_misc":{"Est. reading time":"2 minutes"},"schema":{"@context":"https:\/\/schema.org","@graph":[{"@type":"Organization","@id":"https:\/\/nervous-knuth.46-231-200-39.plesk.page\/#organization","name":"Libera AG","url":"https:\/\/nervous-knuth.46-231-200-39.plesk.page\/","sameAs":[],"logo":{"@type":"ImageObject","inLanguage":"fr-FR","@id":"https:\/\/nervous-knuth.46-231-200-39.plesk.page\/#\/schema\/logo\/image\/","url":"https:\/\/nervous-knuth.46-231-200-39.plesk.page\/wp-content\/uploads\/2022\/06\/logo_de.svg","contentUrl":"https:\/\/nervous-knuth.46-231-200-39.plesk.page\/wp-content\/uploads\/2022\/06\/logo_de.svg","width":273,"height":79,"caption":"Libera AG"},"image":{"@id":"https:\/\/nervous-knuth.46-231-200-39.plesk.page\/#\/schema\/logo\/image\/"}},{"@type":"WebSite","@id":"https:\/\/nervous-knuth.46-231-200-39.plesk.page\/#website","url":"https:\/\/nervous-knuth.46-231-200-39.plesk.page\/","name":"Libera","description":"Eine weitere WordPress-Website","publisher":{"@id":"https:\/\/nervous-knuth.46-231-200-39.plesk.page\/#organization"},"potentialAction":[{"@type":"SearchAction","target":{"@type":"EntryPoint","urlTemplate":"https:\/\/nervous-knuth.46-231-200-39.plesk.page\/?s={search_term_string}"},"query-input":"required name=search_term_string"}],"inLanguage":"fr-FR"},{"@type":"WebPage","@id":"https:\/\/nervous-knuth.46-231-200-39.plesk.page\/fr\/evenements\/libera-forum\/#webpage","url":"https:\/\/nervous-knuth.46-231-200-39.plesk.page\/fr\/evenements\/libera-forum\/","name":"Forum Libera | Libera","isPartOf":{"@id":"https:\/\/nervous-knuth.46-231-200-39.plesk.page\/#website"},"datePublished":"2021-11-05T09:48:57+00:00","dateModified":"2022-07-01T06:26:04+00:00","breadcrumb":{"@id":"https:\/\/nervous-knuth.46-231-200-39.plesk.page\/fr\/evenements\/libera-forum\/#breadcrumb"},"inLanguage":"fr-FR","potentialAction":[{"@type":"ReadAction","target":["https:\/\/nervous-knuth.46-231-200-39.plesk.page\/fr\/evenements\/libera-forum\/"]}]},{"@type":"BreadcrumbList","@id":"https:\/\/nervous-knuth.46-231-200-39.plesk.page\/fr\/evenements\/libera-forum\/#breadcrumb","itemListElement":[{"@type":"ListItem","position":1,"name":"Home","item":"http:\/\/nervous-knuth.46-231-200-39.plesk.page\/fr\/"},{"@type":"ListItem","position":2,"name":"\u00c9v\u00e9nements","item":"https:\/\/nervous-knuth.46-231-200-39.plesk.page\/fr\/evenements\/"},{"@type":"ListItem","position":3,"name":"Forum Libera"}]}]}},"_links":{"self":[{"href":"https:\/\/nervous-knuth.46-231-200-39.plesk.page\/fr\/wp-json\/wp\/v2\/pages\/1355"}],"collection":[{"href":"https:\/\/nervous-knuth.46-231-200-39.plesk.page\/fr\/wp-json\/wp\/v2\/pages"}],"about":[{"href":"https:\/\/nervous-knuth.46-231-200-39.plesk.page\/fr\/wp-json\/wp\/v2\/types\/page"}],"author":[{"embeddable":true,"href":"https:\/\/nervous-knuth.46-231-200-39.plesk.page\/fr\/wp-json\/wp\/v2\/users\/1"}],"replies":[{"embeddable":true,"href":"https:\/\/nervous-knuth.46-231-200-39.plesk.page\/fr\/wp-json\/wp\/v2\/comments?post=1355"}],"version-history":[{"count":30,"href":"https:\/\/nervous-knuth.46-231-200-39.plesk.page\/fr\/wp-json\/wp\/v2\/pages\/1355\/revisions"}],"predecessor-version":[{"id":4488,"href":"https:\/\/nervous-knuth.46-231-200-39.plesk.page\/fr\/wp-json\/wp\/v2\/pages\/1355\/revisions\/4488"}],"up":[{"embeddable":true,"href":"https:\/\/nervous-knuth.46-231-200-39.plesk.page\/fr\/wp-json\/wp\/v2\/pages\/1350"}],"wp:attachment":[{"href":"https:\/\/nervous-knuth.46-231-200-39.plesk.page\/fr\/wp-json\/wp\/v2\/media?parent=1355"}],"curies":[{"name":"wp","href":"https:\/\/api.w.org\/{rel}","templated":true}]}}