{"id":1350,"date":"2021-11-05T10:37:36","date_gmt":"2021-11-05T09:37:36","guid":{"rendered":"https:\/\/nervous-knuth.46-231-200-39.plesk.page\/veranstaltungen\/"},"modified":"2022-05-25T15:26:53","modified_gmt":"2022-05-25T13:26:53","slug":"evenements","status":"publish","type":"page","link":"https:\/\/nervous-knuth.46-231-200-39.plesk.page\/fr\/evenements\/","title":{"rendered":"\u00c9v\u00e9nements"},"content":{"rendered":"\n<p>En plus du Forum Libera qui a lieu chaque ann\u00e9e, nos experts et sp\u00e9cialistes en caisses de pension sont pr\u00e9sents aux congr\u00e8s, s\u00e9ances d&#8217;information et formations.<\/p>\n\n\n                <\/div>\r\n            <\/article>\r\n        <\/div>\r\n    <\/div>\r\n<\/div>\r\n<div id=\"ais-block_6183f72522a53\" class=\"ais-block ais-block-contactinfo m-0 ais-pt-80\"  >\r\n    <div class=\"container ais-contactinfo-top\">\r\n        <div class=\"row p-0\">\r\n            <div class=\"col-md-12\">\r\n                <div class=\"row\">\r\n                                                    <div class=\"col-md-6 mt-5 mt-md-0 mb-5\">\r\n                        <div class=\" ais-bg-white shadow ais-color-blue\">\r\n                            <div class=\"d-flex justify-content-center\">\r\n                                <img class=\"\" src=\"https:\/\/nervous-knuth.46-231-200-39.plesk.page\/wp-content\/uploads\/2022\/04\/Veranstaltungen_Libera-Forum-860x490.jpg\" alt=\"\">\r\n                            <\/div>\r\n                            <div class=\"ais-block-contactinfo-text p-4 pb-5 ais-same-height-contactinfo-box\">\r\n                                <h3 class=\"ais-fs-50 ais-same-height-contactinfo-title\">Forum Libera<\/h3>\r\n                                <span class=\"d-block ais-fs-25\"><\/span>\r\n                                <div class=\"ais-fs-50\">\r\n                                                                                                        <\/div>\r\n                                <div class=\"mt-3 ais-fs-25 ais-same-height-contactinfo-desc\">Le forum annuel de Libera r\u00e9unit nos experts et nos clients.<\/div>\r\n                                                                <a class=\"ais-button ais-bg-blue text-white text-decoration-none ais-fs-26 ais-ff-nunitosans-regular\" href=\"https:\/\/nervous-knuth.46-231-200-39.plesk.page\/fr\/evenements\/libera-forum\/\">En savoir plus sur le Forum Libera<\/a>\r\n                                                            <\/div>\r\n                        <\/div>\r\n                    <\/div>\r\n                                <div class=\"col-md-6 mt-5 mt-md-0 mb-5\">\r\n                        <div class=\" ais-bg-white shadow ais-color-blue\">\r\n                            <div class=\"d-flex justify-content-center\">\r\n                                <img class=\"\" src=\"https:\/\/nervous-knuth.46-231-200-39.plesk.page\/wp-content\/uploads\/2022\/04\/Veranstaltungen_Referate-860x490.jpg\" alt=\"\">\r\n                            <\/div>\r\n                            <div class=\"ais-block-contactinfo-text p-4 pb-5 ais-same-height-contactinfo-box\">\r\n                                <h3 class=\"ais-fs-50 ais-same-height-contactinfo-title\">Conf\u00e9rences<\/h3>\r\n                                <span class=\"d-block ais-fs-25\"><\/span>\r\n                                <div class=\"ais-fs-50\">\r\n                                                                                                        <\/div>\r\n                                <div class=\"mt-3 ais-fs-25 ais-same-height-contactinfo-desc\">Les collaborateurs de Libera SA tiennent des conf\u00e9rences \u00e0 diff\u00e9rentes occasions.<\/div>\r\n                                                                <a class=\"ais-button ais-bg-blue text-white text-decoration-none ais-fs-26 ais-ff-nunitosans-regular\" href=\"https:\/\/nervous-knuth.46-231-200-39.plesk.page\/fr\/evenements\/conferences\/\">En savoir plus sur les conf\u00e9rences<\/a>\r\n                                                            <\/div>\r\n                        <\/div>\r\n                    <\/div>\r\n                            <\/div>\r\n            <\/div>\r\n        <\/div>\r\n    <\/div>\r\n\r\n    <div class=\"container-fluid ais-contactinfo-bottom d-flex align-items-end justify-content-center shadow\" style=\"background-color: #28386a\"><\/div>\r\n<\/div>\r\n<div class=\"container\">\r\n    <div class=\"row\">\r\n        <div class=\"col-lg-12\">\r\n            <article class=\"page type-page status-publish hentry\">\r\n                <div class=\"entry-content\">\r\n\r\n","protected":false},"excerpt":{"rendered":"<p>En plus du Forum Libera qui a lieu chaque ann\u00e9e, nos experts et sp\u00e9cialistes en caisses de pension sont pr\u00e9sents aux congr\u00e8s, s\u00e9ances d&#8217;information et formations.<\/p>\n","protected":false},"author":1,"featured_media":0,"parent":0,"menu_order":0,"comment_status":"closed","ping_status":"closed","template":"","meta":{"inline_featured_image":false},"acf":[],"yoast_head":"<!-- This site is optimized with the Yoast SEO plugin v19.2 - https:\/\/yoast.com\/wordpress\/plugins\/seo\/ -->\n<title>\u00c9v\u00e9nements | Libera<\/title>\n<meta name=\"robots\" content=\"noindex, follow, max-snippet:-1, max-image-preview:large, max-video-preview:-1\" \/>\n<meta property=\"og:locale\" content=\"fr_FR\" \/>\n<meta property=\"og:type\" content=\"article\" \/>\n<meta property=\"og:title\" content=\"\u00c9v\u00e9nements | Libera\" \/>\n<meta property=\"og:description\" content=\"En plus du Forum Libera qui a lieu chaque ann\u00e9e, nos experts et sp\u00e9cialistes en caisses de pension sont pr\u00e9sents aux congr\u00e8s, s\u00e9ances d&#8217;information et formations.\" \/>\n<meta property=\"og:url\" content=\"https:\/\/nervous-knuth.46-231-200-39.plesk.page\/fr\/evenements\/\" \/>\n<meta property=\"og:site_name\" content=\"Libera\" \/>\n<meta property=\"article:modified_time\" content=\"2022-05-25T13:26:53+00:00\" \/>\n<meta name=\"author\" content=\"ermir\" \/>\n<meta name=\"twitter:card\" content=\"summary_large_image\" \/>\n<meta name=\"twitter:label1\" content=\"Est. reading time\" \/>\n\t<meta name=\"twitter:data1\" content=\"1 minute\" \/>\n<script type=\"application\/ld+json\" class=\"yoast-schema-graph\">{\"@context\":\"https:\/\/schema.org\",\"@graph\":[{\"@type\":\"Organization\",\"@id\":\"https:\/\/nervous-knuth.46-231-200-39.plesk.page\/#organization\",\"name\":\"Libera AG\",\"url\":\"https:\/\/nervous-knuth.46-231-200-39.plesk.page\/\",\"sameAs\":[],\"logo\":{\"@type\":\"ImageObject\",\"inLanguage\":\"fr-FR\",\"@id\":\"https:\/\/nervous-knuth.46-231-200-39.plesk.page\/#\/schema\/logo\/image\/\",\"url\":\"https:\/\/nervous-knuth.46-231-200-39.plesk.page\/wp-content\/uploads\/2022\/06\/logo_de.svg\",\"contentUrl\":\"https:\/\/nervous-knuth.46-231-200-39.plesk.page\/wp-content\/uploads\/2022\/06\/logo_de.svg\",\"width\":273,\"height\":79,\"caption\":\"Libera AG\"},\"image\":{\"@id\":\"https:\/\/nervous-knuth.46-231-200-39.plesk.page\/#\/schema\/logo\/image\/\"}},{\"@type\":\"WebSite\",\"@id\":\"https:\/\/nervous-knuth.46-231-200-39.plesk.page\/#website\",\"url\":\"https:\/\/nervous-knuth.46-231-200-39.plesk.page\/\",\"name\":\"Libera\",\"description\":\"Eine weitere WordPress-Website\",\"publisher\":{\"@id\":\"https:\/\/nervous-knuth.46-231-200-39.plesk.page\/#organization\"},\"potentialAction\":[{\"@type\":\"SearchAction\",\"target\":{\"@type\":\"EntryPoint\",\"urlTemplate\":\"https:\/\/nervous-knuth.46-231-200-39.plesk.page\/?s={search_term_string}\"},\"query-input\":\"required name=search_term_string\"}],\"inLanguage\":\"fr-FR\"},{\"@type\":\"WebPage\",\"@id\":\"https:\/\/nervous-knuth.46-231-200-39.plesk.page\/fr\/evenements\/#webpage\",\"url\":\"https:\/\/nervous-knuth.46-231-200-39.plesk.page\/fr\/evenements\/\",\"name\":\"\u00c9v\u00e9nements | Libera\",\"isPartOf\":{\"@id\":\"https:\/\/nervous-knuth.46-231-200-39.plesk.page\/#website\"},\"datePublished\":\"2021-11-05T09:37:36+00:00\",\"dateModified\":\"2022-05-25T13:26:53+00:00\",\"breadcrumb\":{\"@id\":\"https:\/\/nervous-knuth.46-231-200-39.plesk.page\/fr\/evenements\/#breadcrumb\"},\"inLanguage\":\"fr-FR\",\"potentialAction\":[{\"@type\":\"ReadAction\",\"target\":[\"https:\/\/nervous-knuth.46-231-200-39.plesk.page\/fr\/evenements\/\"]}]},{\"@type\":\"BreadcrumbList\",\"@id\":\"https:\/\/nervous-knuth.46-231-200-39.plesk.page\/fr\/evenements\/#breadcrumb\",\"itemListElement\":[{\"@type\":\"ListItem\",\"position\":1,\"name\":\"Home\",\"item\":\"http:\/\/nervous-knuth.46-231-200-39.plesk.page\/fr\/\"},{\"@type\":\"ListItem\",\"position\":2,\"name\":\"\u00c9v\u00e9nements\"}]}]}<\/script>\n<!-- \/ Yoast SEO plugin. -->","yoast_head_json":{"title":"\u00c9v\u00e9nements | Libera","robots":{"index":"noindex","follow":"follow","max-snippet":"max-snippet:-1","max-image-preview":"max-image-preview:large","max-video-preview":"max-video-preview:-1"},"og_locale":"fr_FR","og_type":"article","og_title":"\u00c9v\u00e9nements | Libera","og_description":"En plus du Forum Libera qui a lieu chaque ann\u00e9e, nos experts et sp\u00e9cialistes en caisses de pension sont pr\u00e9sents aux congr\u00e8s, s\u00e9ances d&#8217;information et formations.","og_url":"https:\/\/nervous-knuth.46-231-200-39.plesk.page\/fr\/evenements\/","og_site_name":"Libera","article_modified_time":"2022-05-25T13:26:53+00:00","author":"ermir","twitter_card":"summary_large_image","twitter_misc":{"Est. reading time":"1 minute"},"schema":{"@context":"https:\/\/schema.org","@graph":[{"@type":"Organization","@id":"https:\/\/nervous-knuth.46-231-200-39.plesk.page\/#organization","name":"Libera AG","url":"https:\/\/nervous-knuth.46-231-200-39.plesk.page\/","sameAs":[],"logo":{"@type":"ImageObject","inLanguage":"fr-FR","@id":"https:\/\/nervous-knuth.46-231-200-39.plesk.page\/#\/schema\/logo\/image\/","url":"https:\/\/nervous-knuth.46-231-200-39.plesk.page\/wp-content\/uploads\/2022\/06\/logo_de.svg","contentUrl":"https:\/\/nervous-knuth.46-231-200-39.plesk.page\/wp-content\/uploads\/2022\/06\/logo_de.svg","width":273,"height":79,"caption":"Libera AG"},"image":{"@id":"https:\/\/nervous-knuth.46-231-200-39.plesk.page\/#\/schema\/logo\/image\/"}},{"@type":"WebSite","@id":"https:\/\/nervous-knuth.46-231-200-39.plesk.page\/#website","url":"https:\/\/nervous-knuth.46-231-200-39.plesk.page\/","name":"Libera","description":"Eine weitere WordPress-Website","publisher":{"@id":"https:\/\/nervous-knuth.46-231-200-39.plesk.page\/#organization"},"potentialAction":[{"@type":"SearchAction","target":{"@type":"EntryPoint","urlTemplate":"https:\/\/nervous-knuth.46-231-200-39.plesk.page\/?s={search_term_string}"},"query-input":"required name=search_term_string"}],"inLanguage":"fr-FR"},{"@type":"WebPage","@id":"https:\/\/nervous-knuth.46-231-200-39.plesk.page\/fr\/evenements\/#webpage","url":"https:\/\/nervous-knuth.46-231-200-39.plesk.page\/fr\/evenements\/","name":"\u00c9v\u00e9nements | Libera","isPartOf":{"@id":"https:\/\/nervous-knuth.46-231-200-39.plesk.page\/#website"},"datePublished":"2021-11-05T09:37:36+00:00","dateModified":"2022-05-25T13:26:53+00:00","breadcrumb":{"@id":"https:\/\/nervous-knuth.46-231-200-39.plesk.page\/fr\/evenements\/#breadcrumb"},"inLanguage":"fr-FR","potentialAction":[{"@type":"ReadAction","target":["https:\/\/nervous-knuth.46-231-200-39.plesk.page\/fr\/evenements\/"]}]},{"@type":"BreadcrumbList","@id":"https:\/\/nervous-knuth.46-231-200-39.plesk.page\/fr\/evenements\/#breadcrumb","itemListElement":[{"@type":"ListItem","position":1,"name":"Home","item":"http:\/\/nervous-knuth.46-231-200-39.plesk.page\/fr\/"},{"@type":"ListItem","position":2,"name":"\u00c9v\u00e9nements"}]}]}},"_links":{"self":[{"href":"https:\/\/nervous-knuth.46-231-200-39.plesk.page\/fr\/wp-json\/wp\/v2\/pages\/1350"}],"collection":[{"href":"https:\/\/nervous-knuth.46-231-200-39.plesk.page\/fr\/wp-json\/wp\/v2\/pages"}],"about":[{"href":"https:\/\/nervous-knuth.46-231-200-39.plesk.page\/fr\/wp-json\/wp\/v2\/types\/page"}],"author":[{"embeddable":true,"href":"https:\/\/nervous-knuth.46-231-200-39.plesk.page\/fr\/wp-json\/wp\/v2\/users\/1"}],"replies":[{"embeddable":true,"href":"https:\/\/nervous-knuth.46-231-200-39.plesk.page\/fr\/wp-json\/wp\/v2\/comments?post=1350"}],"version-history":[{"count":18,"href":"https:\/\/nervous-knuth.46-231-200-39.plesk.page\/fr\/wp-json\/wp\/v2\/pages\/1350\/revisions"}],"predecessor-version":[{"id":3497,"href":"https:\/\/nervous-knuth.46-231-200-39.plesk.page\/fr\/wp-json\/wp\/v2\/pages\/1350\/revisions\/3497"}],"wp:attachment":[{"href":"https:\/\/nervous-knuth.46-231-200-39.plesk.page\/fr\/wp-json\/wp\/v2\/media?parent=1350"}],"curies":[{"name":"wp","href":"https:\/\/api.w.org\/{rel}","templated":true}]}}